{"id":8912,"date":"2023-07-05T23:33:13","date_gmt":"2023-07-05T23:33:13","guid":{"rendered":"https:\/\/gilbertandsmallman.com\/gloria-cancino-chacon\/"},"modified":"2025-12-02T14:52:26","modified_gmt":"2025-12-02T14:52:26","slug":"gloria-cancino-chacon","status":"publish","type":"page","link":"https:\/\/gilbertandsmallman.com\/es\/la-empresa\/gloria-cancino-chacon\/","title":{"rendered":"Gloria Cancino Chac\u00f3n"},"content":{"rendered":"\t\t<div data-elementor-type=\"wp-page\" data-elementor-id=\"8912\" class=\"elementor elementor-8912 elementor-7163\" data-elementor-post-type=\"page\">\n\t\t\t\t\t\t<section class=\"elementor-section elementor-top-section elementor-element elementor-element-4641674 elementor-section-stretched elementor-section-height-min-height elementor-section-boxed elementor-section-height-default elementor-section-items-middle\" data-id=\"4641674\" data-element_type=\"section\" data-e-type=\"section\" data-settings=\"{&quot;stretch_section&quot;:&quot;section-stretched&quot;,&quot;background_background&quot;:&quot;classic&quot;}\">\n\t\t\t\t\t\t<div class=\"elementor-container elementor-column-gap-default\">\n\t\t\t\t\t<div class=\"elementor-column elementor-col-100 elementor-top-column elementor-element elementor-element-449142c\" data-id=\"449142c\" data-element_type=\"column\" data-e-type=\"column\">\n\t\t\t<div class=\"elementor-widget-wrap elementor-element-populated\">\n\t\t\t\t\t\t<div class=\"elementor-element elementor-element-c278c78 elementor-widget elementor-widget-heading\" data-id=\"c278c78\" data-element_type=\"widget\" data-e-type=\"widget\" data-widget_type=\"heading.default\">\n\t\t\t\t<div class=\"elementor-widget-container\">\n\t\t\t\t\t<h1 class=\"elementor-heading-title elementor-size-default\">Bienvenido a Gilbert &amp; Smallman - Proporcionando Ayuda Legal<\/h1>\t\t\t\t<\/div>\n\t\t\t\t<\/div>\n\t\t\t\t<div class=\"elementor-element elementor-element-49dc099 elementor-widget elementor-widget-text-editor\" data-id=\"49dc099\" data-element_type=\"widget\" data-e-type=\"widget\" data-widget_type=\"text-editor.default\">\n\t\t\t\t<div class=\"elementor-widget-container\">\n\t\t\t\t\t\t\t\t\tExperiencia &#8211; fiabilidad &#8211; \u00e9tica\t\t\t\t\t\t\t\t<\/div>\n\t\t\t\t<\/div>\n\t\t\t\t<div class=\"elementor-element elementor-element-6ff7d1c elementor-widget elementor-widget-image\" data-id=\"6ff7d1c\" data-element_type=\"widget\" data-e-type=\"widget\" data-widget_type=\"image.default\">\n\t\t\t\t<div class=\"elementor-widget-container\">\n\t\t\t\t\t\t\t\t\t\t\t\t\t\t\t<img decoding=\"async\" src=\"https:\/\/gilbertandsmallman.com\/wp-content\/uploads\/2019\/02\/SEPARADOR3.png\" title=\"\" alt=\"\" loading=\"lazy\" \/>\t\t\t\t\t\t\t\t\t\t\t\t\t\t\t<\/div>\n\t\t\t\t<\/div>\n\t\t\t\t<div class=\"elementor-element elementor-element-4d3b32d elementor-widget elementor-widget-text-editor\" data-id=\"4d3b32d\" data-element_type=\"widget\" data-e-type=\"widget\" data-widget_type=\"text-editor.default\">\n\t\t\t\t<div class=\"elementor-widget-container\">\n\t\t\t\t\t\t\t\t\t<p>Los bufetes de abogados de Gilbert &amp; Smallman cuentan con 3 abogados litigantes experimentados dedicados a la gesti\u00f3n de su asunto legal en las \u00e1reas de pr\u00e1ctica de lesiones personales, litigios civiles, administraci\u00f3n y litigios testamentarios, tutelas, defensa penal y asuntos de DUI con oficinas ubicadas en Miami, North Miami, Hollywood y Tallahassee.<\/p>\t\t\t\t\t\t\t\t<\/div>\n\t\t\t\t<\/div>\n\t\t\t\t<div class=\"elementor-element elementor-element-80cc2d4 elementor-align-center elementor-widget elementor-widget-button\" data-id=\"80cc2d4\" data-element_type=\"widget\" data-e-type=\"widget\" data-widget_type=\"button.default\">\n\t\t\t\t<div class=\"elementor-widget-container\">\n\t\t\t\t\t\t\t\t\t<div class=\"elementor-button-wrapper\">\n\t\t\t\t\t<a class=\"elementor-button elementor-size-md\" role=\"button\">\n\t\t\t\t\t\t<span class=\"elementor-button-content-wrapper\">\n\t\t\t\t\t\t\t\t\t<span class=\"elementor-button-text\">\"NO HUIMOS DE LOS MATONES\"<\/span>\n\t\t\t\t\t<\/span>\n\t\t\t\t\t<\/a>\n\t\t\t\t<\/div>\n\t\t\t\t\t\t\t\t<\/div>\n\t\t\t\t<\/div>\n\t\t\t\t\t<\/div>\n\t\t<\/div>\n\t\t\t\t\t<\/div>\n\t\t<\/section>\n\t\t\t\t<section class=\"elementor-section elementor-top-section elementor-element elementor-element-7fc8ee4 elementor-section-stretched elementor-section-boxed elementor-section-height-default elementor-section-height-default\" data-id=\"7fc8ee4\" data-element_type=\"section\" data-e-type=\"section\" data-settings=\"{&quot;stretch_section&quot;:&quot;section-stretched&quot;,&quot;background_background&quot;:&quot;classic&quot;}\">\n\t\t\t\t\t\t<div class=\"elementor-container elementor-column-gap-default\">\n\t\t\t\t\t<div class=\"elementor-column elementor-col-100 elementor-top-column elementor-element elementor-element-ac249e1\" data-id=\"ac249e1\" data-element_type=\"column\" data-e-type=\"column\">\n\t\t\t<div class=\"elementor-widget-wrap elementor-element-populated\">\n\t\t\t\t\t\t<div class=\"elementor-element elementor-element-1670e78 elementor-widget elementor-widget-heading\" data-id=\"1670e78\" data-element_type=\"widget\" data-e-type=\"widget\" data-widget_type=\"heading.default\">\n\t\t\t\t<div class=\"elementor-widget-container\">\n\t\t\t\t\t<h3 class=\"elementor-heading-title elementor-size-default\">Perfil del abogado<\/h3>\t\t\t\t<\/div>\n\t\t\t\t<\/div>\n\t\t\t\t<div class=\"elementor-element elementor-element-3594011 elementor-widget elementor-widget-image\" data-id=\"3594011\" data-element_type=\"widget\" data-e-type=\"widget\" data-widget_type=\"image.default\">\n\t\t\t\t<div class=\"elementor-widget-container\">\n\t\t\t\t\t\t\t\t\t\t\t\t\t\t\t<img decoding=\"async\" src=\"https:\/\/gilbertandsmallman.com\/wp-content\/uploads\/2019\/02\/SEPARADOR.png\" title=\"\" alt=\"\" loading=\"lazy\" \/>\t\t\t\t\t\t\t\t\t\t\t\t\t\t\t<\/div>\n\t\t\t\t<\/div>\n\t\t\t\t\t<\/div>\n\t\t<\/div>\n\t\t\t\t\t<\/div>\n\t\t<\/section>\n\t\t\t\t<section class=\"elementor-section elementor-top-section elementor-element elementor-element-a45c3b6 elementor-section-boxed elementor-section-height-default elementor-section-height-default\" data-id=\"a45c3b6\" data-element_type=\"section\" data-e-type=\"section\" data-settings=\"{&quot;background_background&quot;:&quot;classic&quot;}\">\n\t\t\t\t\t\t<div class=\"elementor-container elementor-column-gap-default\">\n\t\t\t\t\t<div class=\"elementor-column elementor-col-50 elementor-top-column elementor-element elementor-element-0437c50\" data-id=\"0437c50\" data-element_type=\"column\" data-e-type=\"column\">\n\t\t\t<div class=\"elementor-widget-wrap elementor-element-populated\">\n\t\t\t\t\t\t<div class=\"elementor-element elementor-element-47bccfc elementor-widget elementor-widget-image\" data-id=\"47bccfc\" data-element_type=\"widget\" data-e-type=\"widget\" data-widget_type=\"image.default\">\n\t\t\t\t<div class=\"elementor-widget-container\">\n\t\t\t\t\t\t\t\t\t\t\t\t\t\t\t<img fetchpriority=\"high\" decoding=\"async\" width=\"659\" height=\"609\" src=\"https:\/\/gilbertandsmallman.com\/wp-content\/uploads\/2023\/07\/Gloria-Cancino-Chacon-2.jpg\" class=\"attachment-large size-large wp-image-8914\" alt=\"Gloria cancino chacon\" srcset=\"https:\/\/gilbertandsmallman.com\/wp-content\/uploads\/2023\/07\/Gloria-Cancino-Chacon-2.jpg 659w, https:\/\/gilbertandsmallman.com\/wp-content\/uploads\/2023\/07\/Gloria-Cancino-Chacon-2-300x277.jpg 300w\" sizes=\"(max-width: 659px) 100vw, 659px\" \/>\t\t\t\t\t\t\t\t\t\t\t\t\t\t\t<\/div>\n\t\t\t\t<\/div>\n\t\t\t\t\t<\/div>\n\t\t<\/div>\n\t\t\t\t<div class=\"elementor-column elementor-col-50 elementor-top-column elementor-element elementor-element-af5b9fd\" data-id=\"af5b9fd\" data-element_type=\"column\" data-e-type=\"column\">\n\t\t\t<div class=\"elementor-widget-wrap elementor-element-populated\">\n\t\t\t\t\t\t<div class=\"elementor-element elementor-element-54ed517 elementor-widget elementor-widget-heading\" data-id=\"54ed517\" data-element_type=\"widget\" data-e-type=\"widget\" data-widget_type=\"heading.default\">\n\t\t\t\t<div class=\"elementor-widget-container\">\n\t\t\t\t\t<h3 class=\"elementor-heading-title elementor-size-default\">Gloria Cancino Chac\u00f3n<\/h3>\t\t\t\t<\/div>\n\t\t\t\t<\/div>\n\t\t\t\t<div class=\"elementor-element elementor-element-59de834 elementor-widget elementor-widget-text-editor\" data-id=\"59de834\" data-element_type=\"widget\" data-e-type=\"widget\" data-widget_type=\"text-editor.default\">\n\t\t\t\t<div class=\"elementor-widget-container\">\n\t\t\t\t\t\t\t\t\t<p>Gloria Cancino Chac\u00f3n naci\u00f3 y creci\u00f3 en Budapest, Hungr\u00eda. Al crecer con padres inmigrantes y m\u00e1s tarde inmigrar ella misma, la pasi\u00f3n de Gloria siempre ha sido servir a su comunidad lo mejor posible. Hoy es una abogada de primera generaci\u00f3n que emigr\u00f3 a Miami, Florida, hace m\u00e1s de una d\u00e9cada. Habla con fluidez espa\u00f1ol, ingl\u00e9s y h\u00fangaro.   <\/p><p>Tras licenciarse Cum Laude en Justicia Penal por la Universidad Internacional de Florida, se licenci\u00f3 en Derecho por la Facultad de Derecho de la Universidad Internacional de Florida en 2021. Gloria fue admitida para ejercer la abogac\u00eda por el Colegio de Abogados de Florida en 2021. Ha servido a la comunidad de Miami-Dade como Defensora P\u00fablica Adjunta desde que se gradu\u00f3.  <\/p><p>Durante su tiempo en la oficina del Defensor del Pueblo, Gloria adquiri\u00f3 una valiosa experiencia representando a clientes indigentes desde las audiencias iniciales de fianza hasta el d\u00eda del juicio.  <br>Desarroll\u00f3 y ejecut\u00f3 cientos de defensas, argument\u00f3 docenas de mociones y tuvo \u00e9xito en muchos juicios con jurado y vistas por violaci\u00f3n de la libertad condicional, tanto en los Tribunales de Circuito como de Condado del 11\u00ba Circuito Judicial.<\/p><p>Es muy detallista y le apasiona proporcionar un cuidado y atenci\u00f3n personal a cada cliente en cada paso del camino. Como abogada asociada en el bufete de Gilbert y Smallman, Gloria est\u00e1 disponible para consultas sobre diversos asuntos, como litigios civiles, lesiones personales, defensa penal, administraci\u00f3n testamentaria, litigios sucesorios y cualquier disputa empresarial o inmobiliaria. <\/p>\t\t\t\t\t\t\t\t<\/div>\n\t\t\t\t<\/div>\n\t\t\t\t<div class=\"elementor-element elementor-element-85506d1 elementor-widget elementor-widget-button\" data-id=\"85506d1\" data-element_type=\"widget\" data-e-type=\"widget\" data-widget_type=\"button.default\">\n\t\t\t\t<div class=\"elementor-widget-container\">\n\t\t\t\t\t\t\t\t\t<div class=\"elementor-button-wrapper\">\n\t\t\t\t\t<a class=\"elementor-button elementor-button-link elementor-size-xs\" href=\"mailto:gslaw.associate@gmail.com\">\n\t\t\t\t\t\t<span class=\"elementor-button-content-wrapper\">\n\t\t\t\t\t\t\t\t\t<span class=\"elementor-button-text\">ponte en contacto con Gloria Cancino Chac\u00f3n<\/span>\n\t\t\t\t\t<\/span>\n\t\t\t\t\t<\/a>\n\t\t\t\t<\/div>\n\t\t\t\t\t\t\t\t<\/div>\n\t\t\t\t<\/div>\n\t\t\t\t\t<\/div>\n\t\t<\/div>\n\t\t\t\t\t<\/div>\n\t\t<\/section>\n\t\t\t\t<\/div>\n\t\t","protected":false},"excerpt":{"rendered":"<p>Bienvenido a Gilbert &amp; Smallman &#8211; Proporcionando Ayuda Legal Experiencia &#8211; fiabilidad &#8211; \u00e9tica Los bufetes de abogados de Gilbert&hellip;<\/p>\n","protected":false},"author":4,"featured_media":0,"parent":9188,"menu_order":0,"comment_status":"closed","ping_status":"closed","template":"elementor_header_footer","meta":{"two_page_speed":[],"footnotes":""},"class_list":["post-8912","page","type-page","status-publish","hentry"],"yoast_head":"<!-- This site is optimized with the Yoast SEO plugin v27.4 - https:\/\/yoast.com\/product\/yoast-seo-wordpress\/ -->\n<title>Gloria Cancino Chac\u00f3n | Gilbert &amp; Smallman PLLC<\/title>\n<meta name=\"description\" content=\"Bienvenido a Gilbert &amp; Smallman - Proporcionando Ayuda Legal Experiencia - fiabilidad - \u00e9tica Los bufetes de abogados de Gilbert &amp; Smallman\" \/>\n<meta name=\"robots\" content=\"index, follow, max-snippet:-1, max-image-preview:large, max-video-preview:-1\" \/>\n<link rel=\"canonical\" href=\"https:\/\/gilbertandsmallman.com\/es\/la-empresa\/gloria-cancino-chacon\/\" \/>\n<meta property=\"og:locale\" content=\"es_ES\" \/>\n<meta property=\"og:type\" content=\"article\" \/>\n<meta property=\"og:title\" content=\"Gloria Cancino Chac\u00f3n | Gilbert &amp; Smallman PLLC\" \/>\n<meta property=\"og:description\" content=\"Bienvenido a Gilbert &amp; Smallman - Proporcionando Ayuda Legal Experiencia - fiabilidad - \u00e9tica Los bufetes de abogados de Gilbert &amp; Smallman\" \/>\n<meta property=\"og:url\" content=\"https:\/\/gilbertandsmallman.com\/es\/la-empresa\/gloria-cancino-chacon\/\" \/>\n<meta property=\"og:site_name\" content=\"Law Offices of Gilbert and Smallman\" \/>\n<meta property=\"article:publisher\" content=\"https:\/\/www.facebook.com\/Law-Offices-of-Gilbert-Smallman-PLLC-352999740385\/\" \/>\n<meta property=\"article:modified_time\" content=\"2025-12-02T14:52:26+00:00\" \/>\n<meta name=\"twitter:label1\" content=\"Tiempo de lectura\" \/>\n\t<meta name=\"twitter:data1\" content=\"2 minutos\" \/>\n<script type=\"application\/ld+json\" class=\"yoast-schema-graph\">{\"@context\":\"https:\\\/\\\/schema.org\",\"@graph\":[{\"@type\":\"WebPage\",\"@id\":\"https:\\\/\\\/gilbertandsmallman.com\\\/es\\\/la-empresa\\\/gloria-cancino-chacon\\\/\",\"url\":\"https:\\\/\\\/gilbertandsmallman.com\\\/es\\\/la-empresa\\\/gloria-cancino-chacon\\\/\",\"name\":\"Gloria Cancino Chac\u00f3n | Gilbert & Smallman PLLC\",\"isPartOf\":{\"@id\":\"https:\\\/\\\/gilbertandsmallman.com\\\/es\\\/#website\"},\"primaryImageOfPage\":{\"@id\":\"https:\\\/\\\/gilbertandsmallman.com\\\/es\\\/la-empresa\\\/gloria-cancino-chacon\\\/#primaryimage\"},\"image\":{\"@id\":\"https:\\\/\\\/gilbertandsmallman.com\\\/es\\\/la-empresa\\\/gloria-cancino-chacon\\\/#primaryimage\"},\"thumbnailUrl\":\"https:\\\/\\\/gilbertandsmallman.com\\\/wp-content\\\/uploads\\\/2019\\\/02\\\/SEPARADOR3.png\",\"datePublished\":\"2023-07-05T23:33:13+00:00\",\"dateModified\":\"2025-12-02T14:52:26+00:00\",\"description\":\"Bienvenido a Gilbert &amp; Smallman - Proporcionando Ayuda Legal Experiencia - fiabilidad - \u00e9tica Los bufetes de abogados de Gilbert &amp; Smallman\",\"breadcrumb\":{\"@id\":\"https:\\\/\\\/gilbertandsmallman.com\\\/es\\\/la-empresa\\\/gloria-cancino-chacon\\\/#breadcrumb\"},\"inLanguage\":\"es\",\"potentialAction\":[{\"@type\":\"ReadAction\",\"target\":[\"https:\\\/\\\/gilbertandsmallman.com\\\/es\\\/la-empresa\\\/gloria-cancino-chacon\\\/\"]}]},{\"@type\":\"ImageObject\",\"inLanguage\":\"es\",\"@id\":\"https:\\\/\\\/gilbertandsmallman.com\\\/es\\\/la-empresa\\\/gloria-cancino-chacon\\\/#primaryimage\",\"url\":\"https:\\\/\\\/gilbertandsmallman.com\\\/wp-content\\\/uploads\\\/2019\\\/02\\\/SEPARADOR3.png\",\"contentUrl\":\"https:\\\/\\\/gilbertandsmallman.com\\\/wp-content\\\/uploads\\\/2019\\\/02\\\/SEPARADOR3.png\"},{\"@type\":\"BreadcrumbList\",\"@id\":\"https:\\\/\\\/gilbertandsmallman.com\\\/es\\\/la-empresa\\\/gloria-cancino-chacon\\\/#breadcrumb\",\"itemListElement\":[{\"@type\":\"ListItem\",\"position\":1,\"name\":\"La empresa\",\"item\":\"https:\\\/\\\/gilbertandsmallman.com\\\/es\\\/?page_id=9188\"},{\"@type\":\"ListItem\",\"position\":2,\"name\":\"Gloria Cancino Chac\u00f3n\"}]},{\"@type\":\"WebSite\",\"@id\":\"https:\\\/\\\/gilbertandsmallman.com\\\/es\\\/#website\",\"url\":\"https:\\\/\\\/gilbertandsmallman.com\\\/es\\\/\",\"name\":\"Law Offices of Gilbert and Smallman\",\"description\":\"Experienced Trial Lawyers\",\"publisher\":{\"@id\":\"https:\\\/\\\/gilbertandsmallman.com\\\/es\\\/#organization\"},\"potentialAction\":[{\"@type\":\"SearchAction\",\"target\":{\"@type\":\"EntryPoint\",\"urlTemplate\":\"https:\\\/\\\/gilbertandsmallman.com\\\/es\\\/?s={search_term_string}\"},\"query-input\":{\"@type\":\"PropertyValueSpecification\",\"valueRequired\":true,\"valueName\":\"search_term_string\"}}],\"inLanguage\":\"es\"},{\"@type\":\"Organization\",\"@id\":\"https:\\\/\\\/gilbertandsmallman.com\\\/es\\\/#organization\",\"name\":\"The Law Offices of Gilbert and Smallman\",\"url\":\"https:\\\/\\\/gilbertandsmallman.com\\\/es\\\/\",\"logo\":{\"@type\":\"ImageObject\",\"inLanguage\":\"es\",\"@id\":\"https:\\\/\\\/gilbertandsmallman.com\\\/es\\\/#\\\/schema\\\/logo\\\/image\\\/\",\"url\":\"http:\\\/\\\/gilbertandsmallman.com\\\/wp-content\\\/uploads\\\/2019\\\/03\\\/0-LOGO-GILBERT-SMALLMAN.png\",\"contentUrl\":\"http:\\\/\\\/gilbertandsmallman.com\\\/wp-content\\\/uploads\\\/2019\\\/03\\\/0-LOGO-GILBERT-SMALLMAN.png\",\"width\":1110,\"height\":200,\"caption\":\"The Law Offices of Gilbert and Smallman\"},\"image\":{\"@id\":\"https:\\\/\\\/gilbertandsmallman.com\\\/es\\\/#\\\/schema\\\/logo\\\/image\\\/\"},\"sameAs\":[\"https:\\\/\\\/www.facebook.com\\\/Law-Offices-of-Gilbert-Smallman-PLLC-352999740385\\\/\",\"https:\\\/\\\/www.instagram.com\\\/gilbertandsmallmanpllc\\\/\",\"https:\\\/\\\/www.linkedin.com\\\/in\\\/harriswgilbert\",\"https:\\\/\\\/www.youtube.com\\\/user\\\/GilbertSmallman\"]}]}<\/script>\n<!-- \/ Yoast SEO plugin. -->","yoast_head_json":{"title":"Gloria Cancino Chac\u00f3n | Gilbert & Smallman PLLC","description":"Bienvenido a Gilbert &amp; Smallman - Proporcionando Ayuda Legal Experiencia - fiabilidad - \u00e9tica Los bufetes de abogados de Gilbert &amp; Smallman","robots":{"index":"index","follow":"follow","max-snippet":"max-snippet:-1","max-image-preview":"max-image-preview:large","max-video-preview":"max-video-preview:-1"},"canonical":"https:\/\/gilbertandsmallman.com\/es\/la-empresa\/gloria-cancino-chacon\/","og_locale":"es_ES","og_type":"article","og_title":"Gloria Cancino Chac\u00f3n | Gilbert & Smallman PLLC","og_description":"Bienvenido a Gilbert &amp; Smallman - Proporcionando Ayuda Legal Experiencia - fiabilidad - \u00e9tica Los bufetes de abogados de Gilbert &amp; Smallman","og_url":"https:\/\/gilbertandsmallman.com\/es\/la-empresa\/gloria-cancino-chacon\/","og_site_name":"Law Offices of Gilbert and Smallman","article_publisher":"https:\/\/www.facebook.com\/Law-Offices-of-Gilbert-Smallman-PLLC-352999740385\/","article_modified_time":"2025-12-02T14:52:26+00:00","twitter_misc":{"Tiempo de lectura":"2 minutos"},"schema":{"@context":"https:\/\/schema.org","@graph":[{"@type":"WebPage","@id":"https:\/\/gilbertandsmallman.com\/es\/la-empresa\/gloria-cancino-chacon\/","url":"https:\/\/gilbertandsmallman.com\/es\/la-empresa\/gloria-cancino-chacon\/","name":"Gloria Cancino Chac\u00f3n | Gilbert & Smallman PLLC","isPartOf":{"@id":"https:\/\/gilbertandsmallman.com\/es\/#website"},"primaryImageOfPage":{"@id":"https:\/\/gilbertandsmallman.com\/es\/la-empresa\/gloria-cancino-chacon\/#primaryimage"},"image":{"@id":"https:\/\/gilbertandsmallman.com\/es\/la-empresa\/gloria-cancino-chacon\/#primaryimage"},"thumbnailUrl":"https:\/\/gilbertandsmallman.com\/wp-content\/uploads\/2019\/02\/SEPARADOR3.png","datePublished":"2023-07-05T23:33:13+00:00","dateModified":"2025-12-02T14:52:26+00:00","description":"Bienvenido a Gilbert &amp; Smallman - Proporcionando Ayuda Legal Experiencia - fiabilidad - \u00e9tica Los bufetes de abogados de Gilbert &amp; Smallman","breadcrumb":{"@id":"https:\/\/gilbertandsmallman.com\/es\/la-empresa\/gloria-cancino-chacon\/#breadcrumb"},"inLanguage":"es","potentialAction":[{"@type":"ReadAction","target":["https:\/\/gilbertandsmallman.com\/es\/la-empresa\/gloria-cancino-chacon\/"]}]},{"@type":"ImageObject","inLanguage":"es","@id":"https:\/\/gilbertandsmallman.com\/es\/la-empresa\/gloria-cancino-chacon\/#primaryimage","url":"https:\/\/gilbertandsmallman.com\/wp-content\/uploads\/2019\/02\/SEPARADOR3.png","contentUrl":"https:\/\/gilbertandsmallman.com\/wp-content\/uploads\/2019\/02\/SEPARADOR3.png"},{"@type":"BreadcrumbList","@id":"https:\/\/gilbertandsmallman.com\/es\/la-empresa\/gloria-cancino-chacon\/#breadcrumb","itemListElement":[{"@type":"ListItem","position":1,"name":"La empresa","item":"https:\/\/gilbertandsmallman.com\/es\/?page_id=9188"},{"@type":"ListItem","position":2,"name":"Gloria Cancino Chac\u00f3n"}]},{"@type":"WebSite","@id":"https:\/\/gilbertandsmallman.com\/es\/#website","url":"https:\/\/gilbertandsmallman.com\/es\/","name":"Law Offices of Gilbert and Smallman","description":"Experienced Trial Lawyers","publisher":{"@id":"https:\/\/gilbertandsmallman.com\/es\/#organization"},"potentialAction":[{"@type":"SearchAction","target":{"@type":"EntryPoint","urlTemplate":"https:\/\/gilbertandsmallman.com\/es\/?s={search_term_string}"},"query-input":{"@type":"PropertyValueSpecification","valueRequired":true,"valueName":"search_term_string"}}],"inLanguage":"es"},{"@type":"Organization","@id":"https:\/\/gilbertandsmallman.com\/es\/#organization","name":"The Law Offices of Gilbert and Smallman","url":"https:\/\/gilbertandsmallman.com\/es\/","logo":{"@type":"ImageObject","inLanguage":"es","@id":"https:\/\/gilbertandsmallman.com\/es\/#\/schema\/logo\/image\/","url":"http:\/\/gilbertandsmallman.com\/wp-content\/uploads\/2019\/03\/0-LOGO-GILBERT-SMALLMAN.png","contentUrl":"http:\/\/gilbertandsmallman.com\/wp-content\/uploads\/2019\/03\/0-LOGO-GILBERT-SMALLMAN.png","width":1110,"height":200,"caption":"The Law Offices of Gilbert and Smallman"},"image":{"@id":"https:\/\/gilbertandsmallman.com\/es\/#\/schema\/logo\/image\/"},"sameAs":["https:\/\/www.facebook.com\/Law-Offices-of-Gilbert-Smallman-PLLC-352999740385\/","https:\/\/www.instagram.com\/gilbertandsmallmanpllc\/","https:\/\/www.linkedin.com\/in\/harriswgilbert","https:\/\/www.youtube.com\/user\/GilbertSmallman"]}]}},"_links":{"self":[{"href":"https:\/\/gilbertandsmallman.com\/es\/wp-json\/wp\/v2\/pages\/8912","targetHints":{"allow":["GET"]}}],"collection":[{"href":"https:\/\/gilbertandsmallman.com\/es\/wp-json\/wp\/v2\/pages"}],"about":[{"href":"https:\/\/gilbertandsmallman.com\/es\/wp-json\/wp\/v2\/types\/page"}],"author":[{"embeddable":true,"href":"https:\/\/gilbertandsmallman.com\/es\/wp-json\/wp\/v2\/users\/4"}],"replies":[{"embeddable":true,"href":"https:\/\/gilbertandsmallman.com\/es\/wp-json\/wp\/v2\/comments?post=8912"}],"version-history":[{"count":6,"href":"https:\/\/gilbertandsmallman.com\/es\/wp-json\/wp\/v2\/pages\/8912\/revisions"}],"predecessor-version":[{"id":9330,"href":"https:\/\/gilbertandsmallman.com\/es\/wp-json\/wp\/v2\/pages\/8912\/revisions\/9330"}],"up":[{"embeddable":true,"href":"https:\/\/gilbertandsmallman.com\/es\/wp-json\/wp\/v2\/pages\/9188"}],"wp:attachment":[{"href":"https:\/\/gilbertandsmallman.com\/es\/wp-json\/wp\/v2\/media?parent=8912"}],"curies":[{"name":"wp","href":"https:\/\/api.w.org\/{rel}","templated":true}]}}