{"id":8923,"date":"2019-06-18T01:20:22","date_gmt":"2019-06-18T01:20:22","guid":{"rendered":"https:\/\/gilbertandsmallman.com\/andrew-j-smallman\/"},"modified":"2025-11-18T16:47:15","modified_gmt":"2025-11-18T16:47:15","slug":"andrew-j-smallman","status":"publish","type":"page","link":"https:\/\/gilbertandsmallman.com\/es\/la-empresa\/andrew-j-smallman\/","title":{"rendered":"Andrew j. Smallman"},"content":{"rendered":"\t\t<div data-elementor-type=\"wp-post\" data-elementor-id=\"8923\" class=\"elementor elementor-8923 elementor-4733\" data-elementor-post-type=\"page\">\n\t\t\t\t\t\t<section class=\"elementor-section elementor-top-section elementor-element elementor-element-befbf01 elementor-section-stretched elementor-section-height-min-height elementor-section-boxed elementor-section-height-default elementor-section-items-middle\" data-id=\"befbf01\" data-element_type=\"section\" data-e-type=\"section\" data-settings=\"{&quot;stretch_section&quot;:&quot;section-stretched&quot;,&quot;background_background&quot;:&quot;classic&quot;}\">\n\t\t\t\t\t\t<div class=\"elementor-container elementor-column-gap-default\">\n\t\t\t\t\t<div class=\"elementor-column elementor-col-100 elementor-top-column elementor-element elementor-element-bb860d9\" data-id=\"bb860d9\" data-element_type=\"column\" data-e-type=\"column\">\n\t\t\t<div class=\"elementor-widget-wrap elementor-element-populated\">\n\t\t\t\t\t\t<div class=\"elementor-element elementor-element-a3e5e94 elementor-widget elementor-widget-heading\" data-id=\"a3e5e94\" data-element_type=\"widget\" data-e-type=\"widget\" id=\"welcome-title\" data-widget_type=\"heading.default\">\n\t\t\t\t<div class=\"elementor-widget-container\">\n\t\t\t\t\t<h1 class=\"elementor-heading-title elementor-size-default\">Bienvenido a<\/br> Gilbert &amp; Smallman<\/br>: proporcionamos ayuda legal<\/h1>\t\t\t\t<\/div>\n\t\t\t\t<\/div>\n\t\t\t\t<div class=\"elementor-element elementor-element-3f05ea4 elementor-widget elementor-widget-text-editor\" data-id=\"3f05ea4\" data-element_type=\"widget\" data-e-type=\"widget\" data-widget_type=\"text-editor.default\">\n\t\t\t\t<div class=\"elementor-widget-container\">\n\t\t\t\t\t\t\t\t\tExperiencia &#8211; fiabilidad &#8211; \u00e9tica\t\t\t\t\t\t\t\t<\/div>\n\t\t\t\t<\/div>\n\t\t\t\t<div class=\"elementor-element elementor-element-6a3dbbe elementor-widget elementor-widget-image\" data-id=\"6a3dbbe\" data-element_type=\"widget\" data-e-type=\"widget\" data-widget_type=\"image.default\">\n\t\t\t\t<div class=\"elementor-widget-container\">\n\t\t\t\t\t\t\t\t\t\t\t\t\t\t\t<img decoding=\"async\" src=\"https:\/\/gilbertandsmallman.com\/wp-content\/uploads\/2019\/02\/SEPARADOR3.png\" title=\"\" alt=\"\" loading=\"lazy\" \/>\t\t\t\t\t\t\t\t\t\t\t\t\t\t\t<\/div>\n\t\t\t\t<\/div>\n\t\t\t\t<div class=\"elementor-element elementor-element-c9d2b13 elementor-widget elementor-widget-text-editor\" data-id=\"c9d2b13\" data-element_type=\"widget\" data-e-type=\"widget\" data-widget_type=\"text-editor.default\">\n\t\t\t\t<div class=\"elementor-widget-container\">\n\t\t\t\t\t\t\t\t\t<p>Los bufetes de abogados de Gilbert &amp; Smallman cuentan con 3 abogados litigantes experimentados dedicados a la gesti\u00f3n de su asunto legal en las \u00e1reas de pr\u00e1ctica de lesiones personales, litigios civiles, administraci\u00f3n y litigios testamentarios, tutelas, defensa penal y asuntos de DUI con oficinas ubicadas en Miami, North Miami, Hollywood y Tallahassee.<\/p>\t\t\t\t\t\t\t\t<\/div>\n\t\t\t\t<\/div>\n\t\t\t\t<div class=\"elementor-element elementor-element-489a75d elementor-align-center elementor-widget elementor-widget-button\" data-id=\"489a75d\" data-element_type=\"widget\" data-e-type=\"widget\" data-widget_type=\"button.default\">\n\t\t\t\t<div class=\"elementor-widget-container\">\n\t\t\t\t\t\t\t\t\t<div class=\"elementor-button-wrapper\">\n\t\t\t\t\t<a class=\"elementor-button elementor-size-md\" role=\"button\">\n\t\t\t\t\t\t<span class=\"elementor-button-content-wrapper\">\n\t\t\t\t\t\t\t\t\t<span class=\"elementor-button-text\">\"NO HUIMOS DE LOS MATONES\"<\/span>\n\t\t\t\t\t<\/span>\n\t\t\t\t\t<\/a>\n\t\t\t\t<\/div>\n\t\t\t\t\t\t\t\t<\/div>\n\t\t\t\t<\/div>\n\t\t\t\t\t<\/div>\n\t\t<\/div>\n\t\t\t\t\t<\/div>\n\t\t<\/section>\n\t\t\t\t<section class=\"elementor-section elementor-top-section elementor-element elementor-element-9a5809e elementor-section-stretched elementor-section-boxed elementor-section-height-default elementor-section-height-default\" data-id=\"9a5809e\" data-element_type=\"section\" data-e-type=\"section\" data-settings=\"{&quot;stretch_section&quot;:&quot;section-stretched&quot;,&quot;background_background&quot;:&quot;classic&quot;}\">\n\t\t\t\t\t\t<div class=\"elementor-container elementor-column-gap-default\">\n\t\t\t\t\t<div class=\"elementor-column elementor-col-100 elementor-top-column elementor-element elementor-element-fb3fd1d\" data-id=\"fb3fd1d\" data-element_type=\"column\" data-e-type=\"column\">\n\t\t\t<div class=\"elementor-widget-wrap elementor-element-populated\">\n\t\t\t\t\t\t<div class=\"elementor-element elementor-element-270e568 elementor-widget elementor-widget-heading\" data-id=\"270e568\" data-element_type=\"widget\" data-e-type=\"widget\" data-widget_type=\"heading.default\">\n\t\t\t\t<div class=\"elementor-widget-container\">\n\t\t\t\t\t<h3 class=\"elementor-heading-title elementor-size-default\">Perfil del abogado<\/h3>\t\t\t\t<\/div>\n\t\t\t\t<\/div>\n\t\t\t\t<div class=\"elementor-element elementor-element-250a61f elementor-widget elementor-widget-image\" data-id=\"250a61f\" data-element_type=\"widget\" data-e-type=\"widget\" data-widget_type=\"image.default\">\n\t\t\t\t<div class=\"elementor-widget-container\">\n\t\t\t\t\t\t\t\t\t\t\t\t\t\t\t<img decoding=\"async\" src=\"https:\/\/gilbertandsmallman.com\/wp-content\/uploads\/2019\/02\/SEPARADOR.png\" title=\"\" alt=\"\" loading=\"lazy\" \/>\t\t\t\t\t\t\t\t\t\t\t\t\t\t\t<\/div>\n\t\t\t\t<\/div>\n\t\t\t\t\t<\/div>\n\t\t<\/div>\n\t\t\t\t\t<\/div>\n\t\t<\/section>\n\t\t\t\t<section class=\"elementor-section elementor-top-section elementor-element elementor-element-6dff12d elementor-section-boxed elementor-section-height-default elementor-section-height-default\" data-id=\"6dff12d\" data-element_type=\"section\" data-e-type=\"section\" data-settings=\"{&quot;background_background&quot;:&quot;classic&quot;}\">\n\t\t\t\t\t\t<div class=\"elementor-container elementor-column-gap-default\">\n\t\t\t\t\t<div class=\"elementor-column elementor-col-50 elementor-top-column elementor-element elementor-element-0cf0102\" data-id=\"0cf0102\" data-element_type=\"column\" data-e-type=\"column\">\n\t\t\t<div class=\"elementor-widget-wrap elementor-element-populated\">\n\t\t\t\t\t\t<div class=\"elementor-element elementor-element-ca3afb7 elementor-widget elementor-widget-image\" data-id=\"ca3afb7\" data-element_type=\"widget\" data-e-type=\"widget\" data-widget_type=\"image.default\">\n\t\t\t\t<div class=\"elementor-widget-container\">\n\t\t\t\t\t\t\t\t\t\t\t\t\t\t\t<img fetchpriority=\"high\" decoding=\"async\" width=\"659\" height=\"609\" src=\"https:\/\/gilbertandsmallman.com\/wp-content\/uploads\/2019\/03\/Andrew-J.-Smallman-1.jpg\" class=\"attachment-large size-large wp-image-8929\" alt=\"\" srcset=\"https:\/\/gilbertandsmallman.com\/wp-content\/uploads\/2019\/03\/Andrew-J.-Smallman-1.jpg 659w, https:\/\/gilbertandsmallman.com\/wp-content\/uploads\/2019\/03\/Andrew-J.-Smallman-1-300x277.jpg 300w\" sizes=\"(max-width: 659px) 100vw, 659px\" \/>\t\t\t\t\t\t\t\t\t\t\t\t\t\t\t<\/div>\n\t\t\t\t<\/div>\n\t\t\t\t\t<\/div>\n\t\t<\/div>\n\t\t\t\t<div class=\"elementor-column elementor-col-50 elementor-top-column elementor-element elementor-element-e4c7e77\" data-id=\"e4c7e77\" data-element_type=\"column\" data-e-type=\"column\">\n\t\t\t<div class=\"elementor-widget-wrap elementor-element-populated\">\n\t\t\t\t\t\t<div class=\"elementor-element elementor-element-43c931e elementor-widget elementor-widget-heading\" data-id=\"43c931e\" data-element_type=\"widget\" data-e-type=\"widget\" data-widget_type=\"heading.default\">\n\t\t\t\t<div class=\"elementor-widget-container\">\n\t\t\t\t\t<h3 class=\"elementor-heading-title elementor-size-default\">Andrew j. Smallman<\/h3>\t\t\t\t<\/div>\n\t\t\t\t<\/div>\n\t\t\t\t<div class=\"elementor-element elementor-element-f89ab4b elementor-widget elementor-widget-text-editor\" data-id=\"f89ab4b\" data-element_type=\"widget\" data-e-type=\"widget\" data-widget_type=\"text-editor.default\">\n\t\t\t\t<div class=\"elementor-widget-container\">\n\t\t\t\t\t\t\t\t\t<p>Andrew J. Smallman es un abogado penalista dedicado y trabajador<br>que muestra a sus clientes el respeto y la atenci\u00f3n que merecen en el momento en que m\u00e1s lo necesitan. Despu\u00e9s de haber tratado m\u00e1s de mil casos penales, tiene la experiencia necesaria para llevar todos los asuntos penales, desde delitos graves castigados con cadena perpetua hasta delitos menores, y todo lo que hay en medio, incluidos DUI, violaciones de la libertad condicional y todos los delitos de drogas. Tanto si necesitas un abogado para negociar un acuerdo de culpabilidad favorable, como para luchar por un caso hasta llegar a un juicio con jurado, Andrew J. Smallman proteger\u00e1 y defender\u00e1 eficazmente tus derechos. El Sr. Smallman fue admitido en el Colegio de Abogados de Florida tras licenciarse en la Facultad de Derecho Levin de la Universidad de Florida, una de las mejores de Florida. El Sr. Smallman est\u00e1 dispuesto a sentarse contigo para hablar de tu asunto legal.    <br><br><br><br>Actualmente est\u00e1 disponible para consultas en las \u00e1reas de lesiones personales, homicidio culposo, litigios civiles\/comerciales, derecho sucesorio\/tutelar, defensa penal\/derecho dui, constituci\u00f3n de sociedades, derecho del entretenimiento, propiedad intelectual y derecho inmobiliario. Tiene licencia para llevar casos en el Estado de Florida, as\u00ed como en el Tribunal Federal de Distrito del Distrito Sur de Florida. Su prioridad es luchar por tus derechos.  <\/p>\t\t\t\t\t\t\t\t<\/div>\n\t\t\t\t<\/div>\n\t\t\t\t<div class=\"elementor-element elementor-element-c41c12f elementor-widget elementor-widget-button\" data-id=\"c41c12f\" data-element_type=\"widget\" data-e-type=\"widget\" data-widget_type=\"button.default\">\n\t\t\t\t<div class=\"elementor-widget-container\">\n\t\t\t\t\t\t\t\t\t<div class=\"elementor-button-wrapper\">\n\t\t\t\t\t<a class=\"elementor-button elementor-button-link elementor-size-xs\" href=\"mailto:ajsmallslaw@gmail.com\">\n\t\t\t\t\t\t<span class=\"elementor-button-content-wrapper\">\n\t\t\t\t\t\t\t\t\t<span class=\"elementor-button-text\">contacta con andrew j. smallman <\/span>\n\t\t\t\t\t<\/span>\n\t\t\t\t\t<\/a>\n\t\t\t\t<\/div>\n\t\t\t\t\t\t\t\t<\/div>\n\t\t\t\t<\/div>\n\t\t\t\t\t<\/div>\n\t\t<\/div>\n\t\t\t\t\t<\/div>\n\t\t<\/section>\n\t\t\t\t<section class=\"elementor-section elementor-top-section elementor-element elementor-element-4293374 elementor-section-stretched elementor-hidden-desktop elementor-hidden-tablet elementor-hidden-mobile elementor-section-boxed elementor-section-height-default elementor-section-height-default\" data-id=\"4293374\" data-element_type=\"section\" data-e-type=\"section\" data-settings=\"{&quot;stretch_section&quot;:&quot;section-stretched&quot;,&quot;background_background&quot;:&quot;classic&quot;}\">\n\t\t\t\t\t\t<div class=\"elementor-container elementor-column-gap-default\">\n\t\t\t\t\t<div class=\"elementor-column elementor-col-100 elementor-top-column elementor-element elementor-element-c9d0747\" data-id=\"c9d0747\" data-element_type=\"column\" data-e-type=\"column\">\n\t\t\t<div class=\"elementor-widget-wrap elementor-element-populated\">\n\t\t\t\t\t\t<div class=\"elementor-element elementor-element-98d1fc2 elementor-widget elementor-widget-heading\" data-id=\"98d1fc2\" data-element_type=\"widget\" data-e-type=\"widget\" data-widget_type=\"heading.default\">\n\t\t\t\t<div class=\"elementor-widget-container\">\n\t\t\t\t\t<h3 class=\"elementor-heading-title elementor-size-default\">Lo que nuestros clientes dicen de nosotros:<\/h3>\t\t\t\t<\/div>\n\t\t\t\t<\/div>\n\t\t\t\t<div class=\"elementor-element elementor-element-9c73839 elementor-widget elementor-widget-image\" data-id=\"9c73839\" data-element_type=\"widget\" data-e-type=\"widget\" data-widget_type=\"image.default\">\n\t\t\t\t<div class=\"elementor-widget-container\">\n\t\t\t\t\t\t\t\t\t\t\t\t\t\t\t<img decoding=\"async\" src=\"https:\/\/gilbertandsmallman.com\/wp-content\/uploads\/2019\/02\/SEPARADOR.png\" title=\"\" alt=\"\" loading=\"lazy\" \/>\t\t\t\t\t\t\t\t\t\t\t\t\t\t\t<\/div>\n\t\t\t\t<\/div>\n\t\t\t\t\t<\/div>\n\t\t<\/div>\n\t\t\t\t\t<\/div>\n\t\t<\/section>\n\t\t\t\t<section class=\"elementor-section elementor-top-section elementor-element elementor-element-ec3c3a4 elementor-section-stretched elementor-section-boxed elementor-section-height-default elementor-section-height-default\" data-id=\"ec3c3a4\" data-element_type=\"section\" data-e-type=\"section\" data-settings=\"{&quot;stretch_section&quot;:&quot;section-stretched&quot;,&quot;background_background&quot;:&quot;classic&quot;}\">\n\t\t\t\t\t\t<div class=\"elementor-container elementor-column-gap-default\">\n\t\t\t\t\t<div class=\"elementor-column elementor-col-100 elementor-top-column elementor-element elementor-element-d6f246d\" data-id=\"d6f246d\" data-element_type=\"column\" data-e-type=\"column\">\n\t\t\t<div class=\"elementor-widget-wrap elementor-element-populated\">\n\t\t\t\t\t\t\t<\/div>\n\t\t<\/div>\n\t\t\t\t\t<\/div>\n\t\t<\/section>\n\t\t\t\t<\/div>\n\t\t","protected":false},"excerpt":{"rendered":"<p>Bienvenido a Gilbert &amp; Smallman: proporcionamos ayuda legal Experiencia &#8211; fiabilidad &#8211; \u00e9tica Los bufetes de abogados de Gilbert &amp;&hellip;<\/p>\n","protected":false},"author":4,"featured_media":0,"parent":9188,"menu_order":0,"comment_status":"closed","ping_status":"closed","template":"elementor_header_footer","meta":{"two_page_speed":[],"footnotes":""},"class_list":["post-8923","page","type-page","status-publish","hentry"],"yoast_head":"<!-- This site is optimized with the Yoast SEO plugin v27.4 - https:\/\/yoast.com\/product\/yoast-seo-wordpress\/ -->\n<title>Andrew j. Smallman | Gilbert &amp; Smallman PLLC<\/title>\n<meta name=\"description\" content=\"Bienvenido a Gilbert &amp; Smallman: proporcionamos ayuda legal Experiencia - fiabilidad - \u00e9tica Los bufetes de abogados de Gilbert &amp; Smallman cuentan\" \/>\n<meta name=\"robots\" content=\"index, follow, max-snippet:-1, max-image-preview:large, max-video-preview:-1\" \/>\n<link rel=\"canonical\" href=\"https:\/\/gilbertandsmallman.com\/es\/la-empresa\/andrew-j-smallman\/\" \/>\n<meta property=\"og:locale\" content=\"es_ES\" \/>\n<meta property=\"og:type\" content=\"article\" \/>\n<meta property=\"og:title\" content=\"Andrew j. Smallman | Gilbert &amp; Smallman PLLC\" \/>\n<meta property=\"og:description\" content=\"Bienvenido a Gilbert &amp; Smallman: proporcionamos ayuda legal Experiencia - fiabilidad - \u00e9tica Los bufetes de abogados de Gilbert &amp; Smallman cuentan\" \/>\n<meta property=\"og:url\" content=\"https:\/\/gilbertandsmallman.com\/es\/la-empresa\/andrew-j-smallman\/\" \/>\n<meta property=\"og:site_name\" content=\"Law Offices of Gilbert and Smallman\" \/>\n<meta property=\"article:publisher\" content=\"https:\/\/www.facebook.com\/Law-Offices-of-Gilbert-Smallman-PLLC-352999740385\/\" \/>\n<meta property=\"article:modified_time\" content=\"2025-11-18T16:47:15+00:00\" \/>\n<meta property=\"og:image\" content=\"https:\/\/gilbertandsmallman.com\/wp-content\/uploads\/2019\/02\/SEPARADOR3.png\" \/>\n<meta name=\"twitter:label1\" content=\"Tiempo de lectura\" \/>\n\t<meta name=\"twitter:data1\" content=\"2 minutos\" \/>\n<script type=\"application\/ld+json\" class=\"yoast-schema-graph\">{\"@context\":\"https:\\\/\\\/schema.org\",\"@graph\":[{\"@type\":\"WebPage\",\"@id\":\"https:\\\/\\\/gilbertandsmallman.com\\\/es\\\/la-empresa\\\/andrew-j-smallman\\\/\",\"url\":\"https:\\\/\\\/gilbertandsmallman.com\\\/es\\\/la-empresa\\\/andrew-j-smallman\\\/\",\"name\":\"Andrew j. Smallman | Gilbert & Smallman PLLC\",\"isPartOf\":{\"@id\":\"https:\\\/\\\/gilbertandsmallman.com\\\/es\\\/#website\"},\"primaryImageOfPage\":{\"@id\":\"https:\\\/\\\/gilbertandsmallman.com\\\/es\\\/la-empresa\\\/andrew-j-smallman\\\/#primaryimage\"},\"image\":{\"@id\":\"https:\\\/\\\/gilbertandsmallman.com\\\/es\\\/la-empresa\\\/andrew-j-smallman\\\/#primaryimage\"},\"thumbnailUrl\":\"https:\\\/\\\/gilbertandsmallman.com\\\/wp-content\\\/uploads\\\/2019\\\/02\\\/SEPARADOR3.png\",\"datePublished\":\"2019-06-18T01:20:22+00:00\",\"dateModified\":\"2025-11-18T16:47:15+00:00\",\"description\":\"Bienvenido a Gilbert &amp; Smallman: proporcionamos ayuda legal Experiencia - fiabilidad - \u00e9tica Los bufetes de abogados de Gilbert &amp; Smallman cuentan\",\"breadcrumb\":{\"@id\":\"https:\\\/\\\/gilbertandsmallman.com\\\/es\\\/la-empresa\\\/andrew-j-smallman\\\/#breadcrumb\"},\"inLanguage\":\"es\",\"potentialAction\":[{\"@type\":\"ReadAction\",\"target\":[\"https:\\\/\\\/gilbertandsmallman.com\\\/es\\\/la-empresa\\\/andrew-j-smallman\\\/\"]}]},{\"@type\":\"ImageObject\",\"inLanguage\":\"es\",\"@id\":\"https:\\\/\\\/gilbertandsmallman.com\\\/es\\\/la-empresa\\\/andrew-j-smallman\\\/#primaryimage\",\"url\":\"https:\\\/\\\/gilbertandsmallman.com\\\/wp-content\\\/uploads\\\/2019\\\/02\\\/SEPARADOR3.png\",\"contentUrl\":\"https:\\\/\\\/gilbertandsmallman.com\\\/wp-content\\\/uploads\\\/2019\\\/02\\\/SEPARADOR3.png\"},{\"@type\":\"BreadcrumbList\",\"@id\":\"https:\\\/\\\/gilbertandsmallman.com\\\/es\\\/la-empresa\\\/andrew-j-smallman\\\/#breadcrumb\",\"itemListElement\":[{\"@type\":\"ListItem\",\"position\":1,\"name\":\"La empresa\",\"item\":\"https:\\\/\\\/gilbertandsmallman.com\\\/es\\\/?page_id=9188\"},{\"@type\":\"ListItem\",\"position\":2,\"name\":\"Andrew j. Smallman\"}]},{\"@type\":\"WebSite\",\"@id\":\"https:\\\/\\\/gilbertandsmallman.com\\\/es\\\/#website\",\"url\":\"https:\\\/\\\/gilbertandsmallman.com\\\/es\\\/\",\"name\":\"Law Offices of Gilbert and Smallman\",\"description\":\"Experienced Trial Lawyers\",\"publisher\":{\"@id\":\"https:\\\/\\\/gilbertandsmallman.com\\\/es\\\/#organization\"},\"potentialAction\":[{\"@type\":\"SearchAction\",\"target\":{\"@type\":\"EntryPoint\",\"urlTemplate\":\"https:\\\/\\\/gilbertandsmallman.com\\\/es\\\/?s={search_term_string}\"},\"query-input\":{\"@type\":\"PropertyValueSpecification\",\"valueRequired\":true,\"valueName\":\"search_term_string\"}}],\"inLanguage\":\"es\"},{\"@type\":\"Organization\",\"@id\":\"https:\\\/\\\/gilbertandsmallman.com\\\/es\\\/#organization\",\"name\":\"The Law Offices of Gilbert and Smallman\",\"url\":\"https:\\\/\\\/gilbertandsmallman.com\\\/es\\\/\",\"logo\":{\"@type\":\"ImageObject\",\"inLanguage\":\"es\",\"@id\":\"https:\\\/\\\/gilbertandsmallman.com\\\/es\\\/#\\\/schema\\\/logo\\\/image\\\/\",\"url\":\"http:\\\/\\\/gilbertandsmallman.com\\\/wp-content\\\/uploads\\\/2019\\\/03\\\/0-LOGO-GILBERT-SMALLMAN.png\",\"contentUrl\":\"http:\\\/\\\/gilbertandsmallman.com\\\/wp-content\\\/uploads\\\/2019\\\/03\\\/0-LOGO-GILBERT-SMALLMAN.png\",\"width\":1110,\"height\":200,\"caption\":\"The Law Offices of Gilbert and Smallman\"},\"image\":{\"@id\":\"https:\\\/\\\/gilbertandsmallman.com\\\/es\\\/#\\\/schema\\\/logo\\\/image\\\/\"},\"sameAs\":[\"https:\\\/\\\/www.facebook.com\\\/Law-Offices-of-Gilbert-Smallman-PLLC-352999740385\\\/\",\"https:\\\/\\\/www.instagram.com\\\/gilbertandsmallmanpllc\\\/\",\"https:\\\/\\\/www.linkedin.com\\\/in\\\/harriswgilbert\",\"https:\\\/\\\/www.youtube.com\\\/user\\\/GilbertSmallman\"]}]}<\/script>\n<!-- \/ Yoast SEO plugin. -->","yoast_head_json":{"title":"Andrew j. Smallman | Gilbert & Smallman PLLC","description":"Bienvenido a Gilbert &amp; Smallman: proporcionamos ayuda legal Experiencia - fiabilidad - \u00e9tica Los bufetes de abogados de Gilbert &amp; Smallman cuentan","robots":{"index":"index","follow":"follow","max-snippet":"max-snippet:-1","max-image-preview":"max-image-preview:large","max-video-preview":"max-video-preview:-1"},"canonical":"https:\/\/gilbertandsmallman.com\/es\/la-empresa\/andrew-j-smallman\/","og_locale":"es_ES","og_type":"article","og_title":"Andrew j. Smallman | Gilbert & Smallman PLLC","og_description":"Bienvenido a Gilbert &amp; Smallman: proporcionamos ayuda legal Experiencia - fiabilidad - \u00e9tica Los bufetes de abogados de Gilbert &amp; Smallman cuentan","og_url":"https:\/\/gilbertandsmallman.com\/es\/la-empresa\/andrew-j-smallman\/","og_site_name":"Law Offices of Gilbert and Smallman","article_publisher":"https:\/\/www.facebook.com\/Law-Offices-of-Gilbert-Smallman-PLLC-352999740385\/","article_modified_time":"2025-11-18T16:47:15+00:00","og_image":[{"url":"https:\/\/gilbertandsmallman.com\/wp-content\/uploads\/2019\/02\/SEPARADOR3.png","type":"","width":"","height":""}],"twitter_misc":{"Tiempo de lectura":"2 minutos"},"schema":{"@context":"https:\/\/schema.org","@graph":[{"@type":"WebPage","@id":"https:\/\/gilbertandsmallman.com\/es\/la-empresa\/andrew-j-smallman\/","url":"https:\/\/gilbertandsmallman.com\/es\/la-empresa\/andrew-j-smallman\/","name":"Andrew j. Smallman | Gilbert & Smallman PLLC","isPartOf":{"@id":"https:\/\/gilbertandsmallman.com\/es\/#website"},"primaryImageOfPage":{"@id":"https:\/\/gilbertandsmallman.com\/es\/la-empresa\/andrew-j-smallman\/#primaryimage"},"image":{"@id":"https:\/\/gilbertandsmallman.com\/es\/la-empresa\/andrew-j-smallman\/#primaryimage"},"thumbnailUrl":"https:\/\/gilbertandsmallman.com\/wp-content\/uploads\/2019\/02\/SEPARADOR3.png","datePublished":"2019-06-18T01:20:22+00:00","dateModified":"2025-11-18T16:47:15+00:00","description":"Bienvenido a Gilbert &amp; Smallman: proporcionamos ayuda legal Experiencia - fiabilidad - \u00e9tica Los bufetes de abogados de Gilbert &amp; Smallman cuentan","breadcrumb":{"@id":"https:\/\/gilbertandsmallman.com\/es\/la-empresa\/andrew-j-smallman\/#breadcrumb"},"inLanguage":"es","potentialAction":[{"@type":"ReadAction","target":["https:\/\/gilbertandsmallman.com\/es\/la-empresa\/andrew-j-smallman\/"]}]},{"@type":"ImageObject","inLanguage":"es","@id":"https:\/\/gilbertandsmallman.com\/es\/la-empresa\/andrew-j-smallman\/#primaryimage","url":"https:\/\/gilbertandsmallman.com\/wp-content\/uploads\/2019\/02\/SEPARADOR3.png","contentUrl":"https:\/\/gilbertandsmallman.com\/wp-content\/uploads\/2019\/02\/SEPARADOR3.png"},{"@type":"BreadcrumbList","@id":"https:\/\/gilbertandsmallman.com\/es\/la-empresa\/andrew-j-smallman\/#breadcrumb","itemListElement":[{"@type":"ListItem","position":1,"name":"La empresa","item":"https:\/\/gilbertandsmallman.com\/es\/?page_id=9188"},{"@type":"ListItem","position":2,"name":"Andrew j. Smallman"}]},{"@type":"WebSite","@id":"https:\/\/gilbertandsmallman.com\/es\/#website","url":"https:\/\/gilbertandsmallman.com\/es\/","name":"Law Offices of Gilbert and Smallman","description":"Experienced Trial Lawyers","publisher":{"@id":"https:\/\/gilbertandsmallman.com\/es\/#organization"},"potentialAction":[{"@type":"SearchAction","target":{"@type":"EntryPoint","urlTemplate":"https:\/\/gilbertandsmallman.com\/es\/?s={search_term_string}"},"query-input":{"@type":"PropertyValueSpecification","valueRequired":true,"valueName":"search_term_string"}}],"inLanguage":"es"},{"@type":"Organization","@id":"https:\/\/gilbertandsmallman.com\/es\/#organization","name":"The Law Offices of Gilbert and Smallman","url":"https:\/\/gilbertandsmallman.com\/es\/","logo":{"@type":"ImageObject","inLanguage":"es","@id":"https:\/\/gilbertandsmallman.com\/es\/#\/schema\/logo\/image\/","url":"http:\/\/gilbertandsmallman.com\/wp-content\/uploads\/2019\/03\/0-LOGO-GILBERT-SMALLMAN.png","contentUrl":"http:\/\/gilbertandsmallman.com\/wp-content\/uploads\/2019\/03\/0-LOGO-GILBERT-SMALLMAN.png","width":1110,"height":200,"caption":"The Law Offices of Gilbert and Smallman"},"image":{"@id":"https:\/\/gilbertandsmallman.com\/es\/#\/schema\/logo\/image\/"},"sameAs":["https:\/\/www.facebook.com\/Law-Offices-of-Gilbert-Smallman-PLLC-352999740385\/","https:\/\/www.instagram.com\/gilbertandsmallmanpllc\/","https:\/\/www.linkedin.com\/in\/harriswgilbert","https:\/\/www.youtube.com\/user\/GilbertSmallman"]}]}},"_links":{"self":[{"href":"https:\/\/gilbertandsmallman.com\/es\/wp-json\/wp\/v2\/pages\/8923","targetHints":{"allow":["GET"]}}],"collection":[{"href":"https:\/\/gilbertandsmallman.com\/es\/wp-json\/wp\/v2\/pages"}],"about":[{"href":"https:\/\/gilbertandsmallman.com\/es\/wp-json\/wp\/v2\/types\/page"}],"author":[{"embeddable":true,"href":"https:\/\/gilbertandsmallman.com\/es\/wp-json\/wp\/v2\/users\/4"}],"replies":[{"embeddable":true,"href":"https:\/\/gilbertandsmallman.com\/es\/wp-json\/wp\/v2\/comments?post=8923"}],"version-history":[{"count":2,"href":"https:\/\/gilbertandsmallman.com\/es\/wp-json\/wp\/v2\/pages\/8923\/revisions"}],"predecessor-version":[{"id":8937,"href":"https:\/\/gilbertandsmallman.com\/es\/wp-json\/wp\/v2\/pages\/8923\/revisions\/8937"}],"up":[{"embeddable":true,"href":"https:\/\/gilbertandsmallman.com\/es\/wp-json\/wp\/v2\/pages\/9188"}],"wp:attachment":[{"href":"https:\/\/gilbertandsmallman.com\/es\/wp-json\/wp\/v2\/media?parent=8923"}],"curies":[{"name":"wp","href":"https:\/\/api.w.org\/{rel}","templated":true}]}}