{"id":8938,"date":"2019-06-18T01:24:09","date_gmt":"2019-06-18T01:24:09","guid":{"rendered":"https:\/\/gilbertandsmallman.com\/ryan-tables\/"},"modified":"2025-12-02T14:53:25","modified_gmt":"2025-12-02T14:53:25","slug":"ryan-tables","status":"publish","type":"page","link":"https:\/\/gilbertandsmallman.com\/es\/la-empresa\/ryan-tables\/","title":{"rendered":"Ryan Tables"},"content":{"rendered":"\t\t<div data-elementor-type=\"wp-post\" data-elementor-id=\"8938\" class=\"elementor elementor-8938 elementor-4736\" data-elementor-post-type=\"page\">\n\t\t\t\t\t\t<section class=\"elementor-section elementor-top-section elementor-element elementor-element-156a821 elementor-section-stretched elementor-section-height-min-height elementor-section-boxed elementor-section-height-default elementor-section-items-middle\" data-id=\"156a821\" data-element_type=\"section\" data-e-type=\"section\" data-settings=\"{&quot;stretch_section&quot;:&quot;section-stretched&quot;,&quot;background_background&quot;:&quot;classic&quot;}\">\n\t\t\t\t\t\t<div class=\"elementor-container elementor-column-gap-default\">\n\t\t\t\t\t<div class=\"elementor-column elementor-col-100 elementor-top-column elementor-element elementor-element-3348f28\" data-id=\"3348f28\" data-element_type=\"column\" data-e-type=\"column\">\n\t\t\t<div class=\"elementor-widget-wrap elementor-element-populated\">\n\t\t\t\t\t\t<div class=\"elementor-element elementor-element-4ca024d elementor-widget elementor-widget-heading\" data-id=\"4ca024d\" data-element_type=\"widget\" data-e-type=\"widget\" id=\"welcome-title\" data-widget_type=\"heading.default\">\n\t\t\t\t<div class=\"elementor-widget-container\">\n\t\t\t\t\t<h1 class=\"elementor-heading-title elementor-size-default\">Bienvenido a<\/br> Gilbert &amp; Smallman<\/br>: proporcionamos ayuda legal<\/h1>\t\t\t\t<\/div>\n\t\t\t\t<\/div>\n\t\t\t\t<div class=\"elementor-element elementor-element-3c23368 elementor-widget elementor-widget-text-editor\" data-id=\"3c23368\" data-element_type=\"widget\" data-e-type=\"widget\" data-widget_type=\"text-editor.default\">\n\t\t\t\t<div class=\"elementor-widget-container\">\n\t\t\t\t\t\t\t\t\tExperiencia &#8211; fiabilidad &#8211; \u00e9tica\t\t\t\t\t\t\t\t<\/div>\n\t\t\t\t<\/div>\n\t\t\t\t<div class=\"elementor-element elementor-element-a71893a elementor-widget elementor-widget-image\" data-id=\"a71893a\" data-element_type=\"widget\" data-e-type=\"widget\" data-widget_type=\"image.default\">\n\t\t\t\t<div class=\"elementor-widget-container\">\n\t\t\t\t\t\t\t\t\t\t\t\t\t\t\t<img decoding=\"async\" src=\"https:\/\/gilbertandsmallman.com\/wp-content\/uploads\/2019\/02\/SEPARADOR3.png\" title=\"\" alt=\"\" loading=\"lazy\" \/>\t\t\t\t\t\t\t\t\t\t\t\t\t\t\t<\/div>\n\t\t\t\t<\/div>\n\t\t\t\t<div class=\"elementor-element elementor-element-3b157b4 elementor-widget elementor-widget-text-editor\" data-id=\"3b157b4\" data-element_type=\"widget\" data-e-type=\"widget\" data-widget_type=\"text-editor.default\">\n\t\t\t\t<div class=\"elementor-widget-container\">\n\t\t\t\t\t\t\t\t\t<p>Los bufetes de abogados de Gilbert &amp; Smallman cuentan con 3 abogados litigantes experimentados dedicados a la gesti\u00f3n de su asunto legal en las \u00e1reas de pr\u00e1ctica de lesiones personales, litigios civiles, administraci\u00f3n y litigios testamentarios, tutelas, defensa penal y asuntos de DUI con oficinas ubicadas en Miami, North Miami, Hollywood y Tallahassee.<\/p>\t\t\t\t\t\t\t\t<\/div>\n\t\t\t\t<\/div>\n\t\t\t\t<div class=\"elementor-element elementor-element-83c25a3 elementor-align-center elementor-widget elementor-widget-button\" data-id=\"83c25a3\" data-element_type=\"widget\" data-e-type=\"widget\" data-widget_type=\"button.default\">\n\t\t\t\t<div class=\"elementor-widget-container\">\n\t\t\t\t\t\t\t\t\t<div class=\"elementor-button-wrapper\">\n\t\t\t\t\t<a class=\"elementor-button elementor-size-md\" role=\"button\">\n\t\t\t\t\t\t<span class=\"elementor-button-content-wrapper\">\n\t\t\t\t\t\t\t\t\t<span class=\"elementor-button-text\">\"NO HUIMOS DE LOS MATONES\"<\/span>\n\t\t\t\t\t<\/span>\n\t\t\t\t\t<\/a>\n\t\t\t\t<\/div>\n\t\t\t\t\t\t\t\t<\/div>\n\t\t\t\t<\/div>\n\t\t\t\t\t<\/div>\n\t\t<\/div>\n\t\t\t\t\t<\/div>\n\t\t<\/section>\n\t\t\t\t<section class=\"elementor-section elementor-top-section elementor-element elementor-element-025fda4 elementor-section-stretched elementor-section-boxed elementor-section-height-default elementor-section-height-default\" data-id=\"025fda4\" data-element_type=\"section\" data-e-type=\"section\" data-settings=\"{&quot;stretch_section&quot;:&quot;section-stretched&quot;,&quot;background_background&quot;:&quot;classic&quot;}\">\n\t\t\t\t\t\t<div class=\"elementor-container elementor-column-gap-default\">\n\t\t\t\t\t<div class=\"elementor-column elementor-col-100 elementor-top-column elementor-element elementor-element-076b9d4\" data-id=\"076b9d4\" data-element_type=\"column\" data-e-type=\"column\">\n\t\t\t<div class=\"elementor-widget-wrap elementor-element-populated\">\n\t\t\t\t\t\t<div class=\"elementor-element elementor-element-a1d90f4 elementor-widget elementor-widget-heading\" data-id=\"a1d90f4\" data-element_type=\"widget\" data-e-type=\"widget\" data-widget_type=\"heading.default\">\n\t\t\t\t<div class=\"elementor-widget-container\">\n\t\t\t\t\t<h3 class=\"elementor-heading-title elementor-size-default\">Perfil del abogado<\/h3>\t\t\t\t<\/div>\n\t\t\t\t<\/div>\n\t\t\t\t<div class=\"elementor-element elementor-element-3833273 elementor-widget elementor-widget-image\" data-id=\"3833273\" data-element_type=\"widget\" data-e-type=\"widget\" data-widget_type=\"image.default\">\n\t\t\t\t<div class=\"elementor-widget-container\">\n\t\t\t\t\t\t\t\t\t\t\t\t\t\t\t<img decoding=\"async\" src=\"https:\/\/gilbertandsmallman.com\/wp-content\/uploads\/2019\/02\/SEPARADOR.png\" title=\"\" alt=\"\" loading=\"lazy\" \/>\t\t\t\t\t\t\t\t\t\t\t\t\t\t\t<\/div>\n\t\t\t\t<\/div>\n\t\t\t\t\t<\/div>\n\t\t<\/div>\n\t\t\t\t\t<\/div>\n\t\t<\/section>\n\t\t\t\t<section class=\"elementor-section elementor-top-section elementor-element elementor-element-ea3a294 elementor-section-boxed elementor-section-height-default elementor-section-height-default\" data-id=\"ea3a294\" data-element_type=\"section\" data-e-type=\"section\" data-settings=\"{&quot;background_background&quot;:&quot;classic&quot;}\">\n\t\t\t\t\t\t<div class=\"elementor-container elementor-column-gap-default\">\n\t\t\t\t\t<div class=\"elementor-column elementor-col-50 elementor-top-column elementor-element elementor-element-8423bff\" data-id=\"8423bff\" data-element_type=\"column\" data-e-type=\"column\">\n\t\t\t<div class=\"elementor-widget-wrap elementor-element-populated\">\n\t\t\t\t\t\t<div class=\"elementor-element elementor-element-6792521 elementor-widget elementor-widget-image\" data-id=\"6792521\" data-element_type=\"widget\" data-e-type=\"widget\" data-widget_type=\"image.default\">\n\t\t\t\t<div class=\"elementor-widget-container\">\n\t\t\t\t\t\t\t\t\t\t\t\t\t\t\t<img fetchpriority=\"high\" decoding=\"async\" width=\"659\" height=\"609\" src=\"https:\/\/gilbertandsmallman.com\/wp-content\/uploads\/2019\/03\/Ryan-Tables-1.jpg\" class=\"attachment-large size-large wp-image-8939\" alt=\"\" srcset=\"https:\/\/gilbertandsmallman.com\/wp-content\/uploads\/2019\/03\/Ryan-Tables-1.jpg 659w, https:\/\/gilbertandsmallman.com\/wp-content\/uploads\/2019\/03\/Ryan-Tables-1-300x277.jpg 300w\" sizes=\"(max-width: 659px) 100vw, 659px\" \/>\t\t\t\t\t\t\t\t\t\t\t\t\t\t\t<\/div>\n\t\t\t\t<\/div>\n\t\t\t\t\t<\/div>\n\t\t<\/div>\n\t\t\t\t<div class=\"elementor-column elementor-col-50 elementor-top-column elementor-element elementor-element-176f2be\" data-id=\"176f2be\" data-element_type=\"column\" data-e-type=\"column\">\n\t\t\t<div class=\"elementor-widget-wrap elementor-element-populated\">\n\t\t\t\t\t\t<div class=\"elementor-element elementor-element-135880c elementor-widget elementor-widget-heading\" data-id=\"135880c\" data-element_type=\"widget\" data-e-type=\"widget\" data-widget_type=\"heading.default\">\n\t\t\t\t<div class=\"elementor-widget-container\">\n\t\t\t\t\t<h3 class=\"elementor-heading-title elementor-size-default\">Ryan Tables<\/h3>\t\t\t\t<\/div>\n\t\t\t\t<\/div>\n\t\t\t\t<div class=\"elementor-element elementor-element-ecd943d elementor-widget elementor-widget-text-editor\" data-id=\"ecd943d\" data-element_type=\"widget\" data-e-type=\"widget\" data-widget_type=\"text-editor.default\">\n\t\t\t\t<div class=\"elementor-widget-container\">\n\t\t\t\t\t\t\t\t\t<p>El Sr. Tables comenz\u00f3 su carrera jur\u00eddica en el bufete de abogados Stolzenberg Gelles Flynn &amp; Arango de la avenida Brickell, donde centr\u00f3 su pr\u00e1ctica en las \u00e1reas de litigios comerciales, litigios sucesorios y todos los \u00e1mbitos del derecho inmobiliario. Tras adquirir una amplia experiencia jur\u00eddica dentro y fuera de los tribunales, el Sr. Tables inici\u00f3 su propio bufete en 2013. \n<\/br><\/br>\nEl Sr. Tables sigue centrando su pr\u00e1ctica en la representaci\u00f3n\nde empresas, empresarios y consumidores en las \u00e1reas de\nlitigios comerciales y asuntos de transacciones corporativas. \nEl Sr. Tables tambi\u00e9n representa tanto a representantes personales como a \nbeneficiarios en una amplia variedad de asuntos sucesorios, incluyendo tanto la administraci\u00f3n como los litigios.\n<\/br><\/br>\nAdem\u00e1s de las \u00e1reas de pr\u00e1ctica mencionadas, una parte significativa de la pr\u00e1ctica del Sr. Tables se centra en la representaci\u00f3n de empresas relacionadas con el sector inmobiliario, inversores inmobiliarios, propietarios e inquilinos en todas las \u00e1reas del derecho inmobiliario, incluidas, entre otras, ejecuciones hipotecarias, disputas entre propietarios e inquilinos (tanto comerciales como residenciales\n) y acciones de reserva de dominio.<\/p>\t\t\t\t\t\t\t\t<\/div>\n\t\t\t\t<\/div>\n\t\t\t\t<div class=\"elementor-element elementor-element-c8b4846 elementor-widget elementor-widget-button\" data-id=\"c8b4846\" data-element_type=\"widget\" data-e-type=\"widget\" data-widget_type=\"button.default\">\n\t\t\t\t<div class=\"elementor-widget-container\">\n\t\t\t\t\t\t\t\t\t<div class=\"elementor-button-wrapper\">\n\t\t\t\t\t<a class=\"elementor-button elementor-size-xs\" role=\"button\">\n\t\t\t\t\t\t<span class=\"elementor-button-content-wrapper\">\n\t\t\t\t\t\t\t\t\t<span class=\"elementor-button-text\">contactar con RYAN TABLES<\/span>\n\t\t\t\t\t<\/span>\n\t\t\t\t\t<\/a>\n\t\t\t\t<\/div>\n\t\t\t\t\t\t\t\t<\/div>\n\t\t\t\t<\/div>\n\t\t\t\t\t<\/div>\n\t\t<\/div>\n\t\t\t\t\t<\/div>\n\t\t<\/section>\n\t\t\t\t<section class=\"elementor-section elementor-top-section elementor-element elementor-element-7ab4d8d elementor-section-stretched elementor-hidden-desktop elementor-hidden-tablet elementor-hidden-mobile elementor-section-boxed elementor-section-height-default elementor-section-height-default\" data-id=\"7ab4d8d\" data-element_type=\"section\" data-e-type=\"section\" data-settings=\"{&quot;stretch_section&quot;:&quot;section-stretched&quot;,&quot;background_background&quot;:&quot;classic&quot;}\">\n\t\t\t\t\t\t<div class=\"elementor-container elementor-column-gap-default\">\n\t\t\t\t\t<div class=\"elementor-column elementor-col-100 elementor-top-column elementor-element elementor-element-a036821\" data-id=\"a036821\" data-element_type=\"column\" data-e-type=\"column\">\n\t\t\t<div class=\"elementor-widget-wrap elementor-element-populated\">\n\t\t\t\t\t\t<div class=\"elementor-element elementor-element-75b9755 elementor-widget elementor-widget-heading\" data-id=\"75b9755\" data-element_type=\"widget\" data-e-type=\"widget\" data-widget_type=\"heading.default\">\n\t\t\t\t<div class=\"elementor-widget-container\">\n\t\t\t\t\t<h3 class=\"elementor-heading-title elementor-size-default\">Lo que nuestros clientes dicen de nosotros:<\/h3>\t\t\t\t<\/div>\n\t\t\t\t<\/div>\n\t\t\t\t<div class=\"elementor-element elementor-element-d79c520 elementor-widget elementor-widget-image\" data-id=\"d79c520\" data-element_type=\"widget\" data-e-type=\"widget\" data-widget_type=\"image.default\">\n\t\t\t\t<div class=\"elementor-widget-container\">\n\t\t\t\t\t\t\t\t\t\t\t\t\t\t\t<img decoding=\"async\" src=\"https:\/\/gilbertandsmallman.com\/wp-content\/uploads\/2019\/02\/SEPARADOR.png\" title=\"\" alt=\"\" loading=\"lazy\" \/>\t\t\t\t\t\t\t\t\t\t\t\t\t\t\t<\/div>\n\t\t\t\t<\/div>\n\t\t\t\t\t<\/div>\n\t\t<\/div>\n\t\t\t\t\t<\/div>\n\t\t<\/section>\n\t\t\t\t<section class=\"elementor-section elementor-top-section elementor-element elementor-element-81300bf elementor-section-stretched elementor-section-boxed elementor-section-height-default elementor-section-height-default\" data-id=\"81300bf\" data-element_type=\"section\" data-e-type=\"section\" data-settings=\"{&quot;stretch_section&quot;:&quot;section-stretched&quot;,&quot;background_background&quot;:&quot;classic&quot;}\">\n\t\t\t\t\t\t<div class=\"elementor-container elementor-column-gap-default\">\n\t\t\t\t\t<div class=\"elementor-column elementor-col-100 elementor-top-column elementor-element elementor-element-aaa1cb0\" data-id=\"aaa1cb0\" data-element_type=\"column\" data-e-type=\"column\">\n\t\t\t<div class=\"elementor-widget-wrap elementor-element-populated\">\n\t\t\t\t\t\t\t<\/div>\n\t\t<\/div>\n\t\t\t\t\t<\/div>\n\t\t<\/section>\n\t\t\t\t<\/div>\n\t\t","protected":false},"excerpt":{"rendered":"<p>Bienvenido a Gilbert &amp; Smallman: proporcionamos ayuda legal Experiencia &#8211; fiabilidad &#8211; \u00e9tica Los bufetes de abogados de Gilbert &amp;&hellip;<\/p>\n","protected":false},"author":4,"featured_media":0,"parent":9188,"menu_order":0,"comment_status":"closed","ping_status":"closed","template":"elementor_header_footer","meta":{"two_page_speed":[],"footnotes":""},"class_list":["post-8938","page","type-page","status-publish","hentry"],"yoast_head":"<!-- This site is optimized with the Yoast SEO plugin v27.4 - https:\/\/yoast.com\/product\/yoast-seo-wordpress\/ -->\n<title>Ryan Tables | Gilbert &amp; Smallman PLLC<\/title>\n<meta name=\"description\" content=\"Bienvenido a Gilbert &amp; Smallman: proporcionamos ayuda legal Experiencia - fiabilidad - \u00e9tica Los bufetes de abogados de Gilbert &amp; Smallman cuentan\" \/>\n<meta name=\"robots\" content=\"index, follow, max-snippet:-1, max-image-preview:large, max-video-preview:-1\" \/>\n<link rel=\"canonical\" href=\"https:\/\/gilbertandsmallman.com\/es\/la-empresa\/ryan-tables\/\" \/>\n<meta property=\"og:locale\" content=\"es_ES\" \/>\n<meta property=\"og:type\" content=\"article\" \/>\n<meta property=\"og:title\" content=\"Ryan Tables | Gilbert &amp; Smallman PLLC\" \/>\n<meta property=\"og:description\" content=\"Bienvenido a Gilbert &amp; Smallman: proporcionamos ayuda legal Experiencia - fiabilidad - \u00e9tica Los bufetes de abogados de Gilbert &amp; Smallman cuentan\" \/>\n<meta property=\"og:url\" content=\"https:\/\/gilbertandsmallman.com\/es\/la-empresa\/ryan-tables\/\" \/>\n<meta property=\"og:site_name\" content=\"Law Offices of Gilbert and Smallman\" \/>\n<meta property=\"article:publisher\" content=\"https:\/\/www.facebook.com\/Law-Offices-of-Gilbert-Smallman-PLLC-352999740385\/\" \/>\n<meta property=\"article:modified_time\" content=\"2025-12-02T14:53:25+00:00\" \/>\n<meta name=\"twitter:label1\" content=\"Tiempo de lectura\" \/>\n\t<meta name=\"twitter:data1\" content=\"1 minuto\" \/>\n<script type=\"application\/ld+json\" class=\"yoast-schema-graph\">{\"@context\":\"https:\\\/\\\/schema.org\",\"@graph\":[{\"@type\":\"WebPage\",\"@id\":\"https:\\\/\\\/gilbertandsmallman.com\\\/es\\\/la-empresa\\\/ryan-tables\\\/\",\"url\":\"https:\\\/\\\/gilbertandsmallman.com\\\/es\\\/la-empresa\\\/ryan-tables\\\/\",\"name\":\"Ryan Tables | Gilbert & Smallman PLLC\",\"isPartOf\":{\"@id\":\"https:\\\/\\\/gilbertandsmallman.com\\\/es\\\/#website\"},\"primaryImageOfPage\":{\"@id\":\"https:\\\/\\\/gilbertandsmallman.com\\\/es\\\/la-empresa\\\/ryan-tables\\\/#primaryimage\"},\"image\":{\"@id\":\"https:\\\/\\\/gilbertandsmallman.com\\\/es\\\/la-empresa\\\/ryan-tables\\\/#primaryimage\"},\"thumbnailUrl\":\"https:\\\/\\\/gilbertandsmallman.com\\\/wp-content\\\/uploads\\\/2019\\\/02\\\/SEPARADOR3.png\",\"datePublished\":\"2019-06-18T01:24:09+00:00\",\"dateModified\":\"2025-12-02T14:53:25+00:00\",\"description\":\"Bienvenido a Gilbert &amp; Smallman: proporcionamos ayuda legal Experiencia - fiabilidad - \u00e9tica Los bufetes de abogados de Gilbert &amp; Smallman cuentan\",\"breadcrumb\":{\"@id\":\"https:\\\/\\\/gilbertandsmallman.com\\\/es\\\/la-empresa\\\/ryan-tables\\\/#breadcrumb\"},\"inLanguage\":\"es\",\"potentialAction\":[{\"@type\":\"ReadAction\",\"target\":[\"https:\\\/\\\/gilbertandsmallman.com\\\/es\\\/la-empresa\\\/ryan-tables\\\/\"]}]},{\"@type\":\"ImageObject\",\"inLanguage\":\"es\",\"@id\":\"https:\\\/\\\/gilbertandsmallman.com\\\/es\\\/la-empresa\\\/ryan-tables\\\/#primaryimage\",\"url\":\"https:\\\/\\\/gilbertandsmallman.com\\\/wp-content\\\/uploads\\\/2019\\\/02\\\/SEPARADOR3.png\",\"contentUrl\":\"https:\\\/\\\/gilbertandsmallman.com\\\/wp-content\\\/uploads\\\/2019\\\/02\\\/SEPARADOR3.png\"},{\"@type\":\"BreadcrumbList\",\"@id\":\"https:\\\/\\\/gilbertandsmallman.com\\\/es\\\/la-empresa\\\/ryan-tables\\\/#breadcrumb\",\"itemListElement\":[{\"@type\":\"ListItem\",\"position\":1,\"name\":\"La empresa\",\"item\":\"https:\\\/\\\/gilbertandsmallman.com\\\/es\\\/?page_id=9188\"},{\"@type\":\"ListItem\",\"position\":2,\"name\":\"Ryan Tables\"}]},{\"@type\":\"WebSite\",\"@id\":\"https:\\\/\\\/gilbertandsmallman.com\\\/es\\\/#website\",\"url\":\"https:\\\/\\\/gilbertandsmallman.com\\\/es\\\/\",\"name\":\"Law Offices of Gilbert and Smallman\",\"description\":\"Experienced Trial Lawyers\",\"publisher\":{\"@id\":\"https:\\\/\\\/gilbertandsmallman.com\\\/es\\\/#organization\"},\"potentialAction\":[{\"@type\":\"SearchAction\",\"target\":{\"@type\":\"EntryPoint\",\"urlTemplate\":\"https:\\\/\\\/gilbertandsmallman.com\\\/es\\\/?s={search_term_string}\"},\"query-input\":{\"@type\":\"PropertyValueSpecification\",\"valueRequired\":true,\"valueName\":\"search_term_string\"}}],\"inLanguage\":\"es\"},{\"@type\":\"Organization\",\"@id\":\"https:\\\/\\\/gilbertandsmallman.com\\\/es\\\/#organization\",\"name\":\"The Law Offices of Gilbert and Smallman\",\"url\":\"https:\\\/\\\/gilbertandsmallman.com\\\/es\\\/\",\"logo\":{\"@type\":\"ImageObject\",\"inLanguage\":\"es\",\"@id\":\"https:\\\/\\\/gilbertandsmallman.com\\\/es\\\/#\\\/schema\\\/logo\\\/image\\\/\",\"url\":\"http:\\\/\\\/gilbertandsmallman.com\\\/wp-content\\\/uploads\\\/2019\\\/03\\\/0-LOGO-GILBERT-SMALLMAN.png\",\"contentUrl\":\"http:\\\/\\\/gilbertandsmallman.com\\\/wp-content\\\/uploads\\\/2019\\\/03\\\/0-LOGO-GILBERT-SMALLMAN.png\",\"width\":1110,\"height\":200,\"caption\":\"The Law Offices of Gilbert and Smallman\"},\"image\":{\"@id\":\"https:\\\/\\\/gilbertandsmallman.com\\\/es\\\/#\\\/schema\\\/logo\\\/image\\\/\"},\"sameAs\":[\"https:\\\/\\\/www.facebook.com\\\/Law-Offices-of-Gilbert-Smallman-PLLC-352999740385\\\/\",\"https:\\\/\\\/www.instagram.com\\\/gilbertandsmallmanpllc\\\/\",\"https:\\\/\\\/www.linkedin.com\\\/in\\\/harriswgilbert\",\"https:\\\/\\\/www.youtube.com\\\/user\\\/GilbertSmallman\"]}]}<\/script>\n<!-- \/ Yoast SEO plugin. -->","yoast_head_json":{"title":"Ryan Tables | Gilbert & Smallman PLLC","description":"Bienvenido a Gilbert &amp; Smallman: proporcionamos ayuda legal Experiencia - fiabilidad - \u00e9tica Los bufetes de abogados de Gilbert &amp; Smallman cuentan","robots":{"index":"index","follow":"follow","max-snippet":"max-snippet:-1","max-image-preview":"max-image-preview:large","max-video-preview":"max-video-preview:-1"},"canonical":"https:\/\/gilbertandsmallman.com\/es\/la-empresa\/ryan-tables\/","og_locale":"es_ES","og_type":"article","og_title":"Ryan Tables | Gilbert & Smallman PLLC","og_description":"Bienvenido a Gilbert &amp; Smallman: proporcionamos ayuda legal Experiencia - fiabilidad - \u00e9tica Los bufetes de abogados de Gilbert &amp; Smallman cuentan","og_url":"https:\/\/gilbertandsmallman.com\/es\/la-empresa\/ryan-tables\/","og_site_name":"Law Offices of Gilbert and Smallman","article_publisher":"https:\/\/www.facebook.com\/Law-Offices-of-Gilbert-Smallman-PLLC-352999740385\/","article_modified_time":"2025-12-02T14:53:25+00:00","twitter_misc":{"Tiempo de lectura":"1 minuto"},"schema":{"@context":"https:\/\/schema.org","@graph":[{"@type":"WebPage","@id":"https:\/\/gilbertandsmallman.com\/es\/la-empresa\/ryan-tables\/","url":"https:\/\/gilbertandsmallman.com\/es\/la-empresa\/ryan-tables\/","name":"Ryan Tables | Gilbert & Smallman PLLC","isPartOf":{"@id":"https:\/\/gilbertandsmallman.com\/es\/#website"},"primaryImageOfPage":{"@id":"https:\/\/gilbertandsmallman.com\/es\/la-empresa\/ryan-tables\/#primaryimage"},"image":{"@id":"https:\/\/gilbertandsmallman.com\/es\/la-empresa\/ryan-tables\/#primaryimage"},"thumbnailUrl":"https:\/\/gilbertandsmallman.com\/wp-content\/uploads\/2019\/02\/SEPARADOR3.png","datePublished":"2019-06-18T01:24:09+00:00","dateModified":"2025-12-02T14:53:25+00:00","description":"Bienvenido a Gilbert &amp; Smallman: proporcionamos ayuda legal Experiencia - fiabilidad - \u00e9tica Los bufetes de abogados de Gilbert &amp; Smallman cuentan","breadcrumb":{"@id":"https:\/\/gilbertandsmallman.com\/es\/la-empresa\/ryan-tables\/#breadcrumb"},"inLanguage":"es","potentialAction":[{"@type":"ReadAction","target":["https:\/\/gilbertandsmallman.com\/es\/la-empresa\/ryan-tables\/"]}]},{"@type":"ImageObject","inLanguage":"es","@id":"https:\/\/gilbertandsmallman.com\/es\/la-empresa\/ryan-tables\/#primaryimage","url":"https:\/\/gilbertandsmallman.com\/wp-content\/uploads\/2019\/02\/SEPARADOR3.png","contentUrl":"https:\/\/gilbertandsmallman.com\/wp-content\/uploads\/2019\/02\/SEPARADOR3.png"},{"@type":"BreadcrumbList","@id":"https:\/\/gilbertandsmallman.com\/es\/la-empresa\/ryan-tables\/#breadcrumb","itemListElement":[{"@type":"ListItem","position":1,"name":"La empresa","item":"https:\/\/gilbertandsmallman.com\/es\/?page_id=9188"},{"@type":"ListItem","position":2,"name":"Ryan Tables"}]},{"@type":"WebSite","@id":"https:\/\/gilbertandsmallman.com\/es\/#website","url":"https:\/\/gilbertandsmallman.com\/es\/","name":"Law Offices of Gilbert and Smallman","description":"Experienced Trial Lawyers","publisher":{"@id":"https:\/\/gilbertandsmallman.com\/es\/#organization"},"potentialAction":[{"@type":"SearchAction","target":{"@type":"EntryPoint","urlTemplate":"https:\/\/gilbertandsmallman.com\/es\/?s={search_term_string}"},"query-input":{"@type":"PropertyValueSpecification","valueRequired":true,"valueName":"search_term_string"}}],"inLanguage":"es"},{"@type":"Organization","@id":"https:\/\/gilbertandsmallman.com\/es\/#organization","name":"The Law Offices of Gilbert and Smallman","url":"https:\/\/gilbertandsmallman.com\/es\/","logo":{"@type":"ImageObject","inLanguage":"es","@id":"https:\/\/gilbertandsmallman.com\/es\/#\/schema\/logo\/image\/","url":"http:\/\/gilbertandsmallman.com\/wp-content\/uploads\/2019\/03\/0-LOGO-GILBERT-SMALLMAN.png","contentUrl":"http:\/\/gilbertandsmallman.com\/wp-content\/uploads\/2019\/03\/0-LOGO-GILBERT-SMALLMAN.png","width":1110,"height":200,"caption":"The Law Offices of Gilbert and Smallman"},"image":{"@id":"https:\/\/gilbertandsmallman.com\/es\/#\/schema\/logo\/image\/"},"sameAs":["https:\/\/www.facebook.com\/Law-Offices-of-Gilbert-Smallman-PLLC-352999740385\/","https:\/\/www.instagram.com\/gilbertandsmallmanpllc\/","https:\/\/www.linkedin.com\/in\/harriswgilbert","https:\/\/www.youtube.com\/user\/GilbertSmallman"]}]}},"_links":{"self":[{"href":"https:\/\/gilbertandsmallman.com\/es\/wp-json\/wp\/v2\/pages\/8938","targetHints":{"allow":["GET"]}}],"collection":[{"href":"https:\/\/gilbertandsmallman.com\/es\/wp-json\/wp\/v2\/pages"}],"about":[{"href":"https:\/\/gilbertandsmallman.com\/es\/wp-json\/wp\/v2\/types\/page"}],"author":[{"embeddable":true,"href":"https:\/\/gilbertandsmallman.com\/es\/wp-json\/wp\/v2\/users\/4"}],"replies":[{"embeddable":true,"href":"https:\/\/gilbertandsmallman.com\/es\/wp-json\/wp\/v2\/comments?post=8938"}],"version-history":[{"count":6,"href":"https:\/\/gilbertandsmallman.com\/es\/wp-json\/wp\/v2\/pages\/8938\/revisions"}],"predecessor-version":[{"id":9334,"href":"https:\/\/gilbertandsmallman.com\/es\/wp-json\/wp\/v2\/pages\/8938\/revisions\/9334"}],"up":[{"embeddable":true,"href":"https:\/\/gilbertandsmallman.com\/es\/wp-json\/wp\/v2\/pages\/9188"}],"wp:attachment":[{"href":"https:\/\/gilbertandsmallman.com\/es\/wp-json\/wp\/v2\/media?parent=8938"}],"curies":[{"name":"wp","href":"https:\/\/api.w.org\/{rel}","templated":true}]}}