{"id":8943,"date":"2024-05-12T22:34:07","date_gmt":"2024-05-12T22:34:07","guid":{"rendered":"https:\/\/gilbertandsmallman.com\/aaron-fried\/"},"modified":"2025-11-20T16:15:26","modified_gmt":"2025-11-20T16:15:26","slug":"aaron-fried","status":"publish","type":"page","link":"https:\/\/gilbertandsmallman.com\/es\/la-empresa\/aaron-fried\/","title":{"rendered":"Aaron Fried"},"content":{"rendered":"\t\t<div data-elementor-type=\"wp-page\" data-elementor-id=\"8943\" class=\"elementor elementor-8943 elementor-7661\" data-elementor-post-type=\"page\">\n\t\t\t\t\t\t<section class=\"elementor-section elementor-top-section elementor-element elementor-element-2ba28a1 elementor-section-stretched elementor-section-height-min-height elementor-section-boxed elementor-section-height-default elementor-section-items-middle\" data-id=\"2ba28a1\" data-element_type=\"section\" data-e-type=\"section\" data-settings=\"{&quot;stretch_section&quot;:&quot;section-stretched&quot;,&quot;background_background&quot;:&quot;classic&quot;}\">\n\t\t\t\t\t\t<div class=\"elementor-container elementor-column-gap-default\">\n\t\t\t\t\t<div class=\"elementor-column elementor-col-100 elementor-top-column elementor-element elementor-element-9485636\" data-id=\"9485636\" data-element_type=\"column\" data-e-type=\"column\">\n\t\t\t<div class=\"elementor-widget-wrap elementor-element-populated\">\n\t\t\t\t\t\t<div class=\"elementor-element elementor-element-5e294bc elementor-widget elementor-widget-heading\" data-id=\"5e294bc\" data-element_type=\"widget\" data-e-type=\"widget\" data-widget_type=\"heading.default\">\n\t\t\t\t<div class=\"elementor-widget-container\">\n\t\t\t\t\t<h1 class=\"elementor-heading-title elementor-size-default\">Bienvenido a Gilbert &amp; Smallman - Proporcionando Ayuda Legal<\/h1>\t\t\t\t<\/div>\n\t\t\t\t<\/div>\n\t\t\t\t<div class=\"elementor-element elementor-element-8e9a808 elementor-widget elementor-widget-text-editor\" data-id=\"8e9a808\" data-element_type=\"widget\" data-e-type=\"widget\" data-widget_type=\"text-editor.default\">\n\t\t\t\t<div class=\"elementor-widget-container\">\n\t\t\t\t\t\t\t\t\tExperiencia &#8211; fiabilidad &#8211; \u00e9tica\t\t\t\t\t\t\t\t<\/div>\n\t\t\t\t<\/div>\n\t\t\t\t<div class=\"elementor-element elementor-element-0fa65f6 elementor-widget elementor-widget-image\" data-id=\"0fa65f6\" data-element_type=\"widget\" data-e-type=\"widget\" data-widget_type=\"image.default\">\n\t\t\t\t<div class=\"elementor-widget-container\">\n\t\t\t\t\t\t\t\t\t\t\t\t\t\t\t<img decoding=\"async\" src=\"https:\/\/gilbertandsmallman.com\/wp-content\/uploads\/2019\/02\/SEPARADOR3.png\" title=\"\" alt=\"\" loading=\"lazy\" \/>\t\t\t\t\t\t\t\t\t\t\t\t\t\t\t<\/div>\n\t\t\t\t<\/div>\n\t\t\t\t<div class=\"elementor-element elementor-element-761686e elementor-widget elementor-widget-text-editor\" data-id=\"761686e\" data-element_type=\"widget\" data-e-type=\"widget\" data-widget_type=\"text-editor.default\">\n\t\t\t\t<div class=\"elementor-widget-container\">\n\t\t\t\t\t\t\t\t\t<p>Los bufetes de abogados de Gilbert &amp; Smallman cuentan con 3 abogados litigantes experimentados dedicados a la gesti\u00f3n de su asunto legal en las \u00e1reas de pr\u00e1ctica de lesiones personales, litigios civiles, administraci\u00f3n y litigios testamentarios, tutelas, defensa penal y asuntos de DUI con oficinas ubicadas en Miami, North Miami, Hollywood y Tallahassee.<\/p>\t\t\t\t\t\t\t\t<\/div>\n\t\t\t\t<\/div>\n\t\t\t\t<div class=\"elementor-element elementor-element-f02d0d1 elementor-align-center elementor-widget elementor-widget-button\" data-id=\"f02d0d1\" data-element_type=\"widget\" data-e-type=\"widget\" data-widget_type=\"button.default\">\n\t\t\t\t<div class=\"elementor-widget-container\">\n\t\t\t\t\t\t\t\t\t<div class=\"elementor-button-wrapper\">\n\t\t\t\t\t<a class=\"elementor-button elementor-size-md\" role=\"button\">\n\t\t\t\t\t\t<span class=\"elementor-button-content-wrapper\">\n\t\t\t\t\t\t\t\t\t<span class=\"elementor-button-text\">\"NO HUIMOS DE LOS MATONES\"<\/span>\n\t\t\t\t\t<\/span>\n\t\t\t\t\t<\/a>\n\t\t\t\t<\/div>\n\t\t\t\t\t\t\t\t<\/div>\n\t\t\t\t<\/div>\n\t\t\t\t\t<\/div>\n\t\t<\/div>\n\t\t\t\t\t<\/div>\n\t\t<\/section>\n\t\t\t\t<section class=\"elementor-section elementor-top-section elementor-element elementor-element-9298b11 elementor-section-stretched elementor-section-boxed elementor-section-height-default elementor-section-height-default\" data-id=\"9298b11\" data-element_type=\"section\" data-e-type=\"section\" data-settings=\"{&quot;stretch_section&quot;:&quot;section-stretched&quot;,&quot;background_background&quot;:&quot;classic&quot;}\">\n\t\t\t\t\t\t<div class=\"elementor-container elementor-column-gap-default\">\n\t\t\t\t\t<div class=\"elementor-column elementor-col-100 elementor-top-column elementor-element elementor-element-7f23f29\" data-id=\"7f23f29\" data-element_type=\"column\" data-e-type=\"column\">\n\t\t\t<div class=\"elementor-widget-wrap elementor-element-populated\">\n\t\t\t\t\t\t<div class=\"elementor-element elementor-element-a2c1949 elementor-widget elementor-widget-heading\" data-id=\"a2c1949\" data-element_type=\"widget\" data-e-type=\"widget\" data-widget_type=\"heading.default\">\n\t\t\t\t<div class=\"elementor-widget-container\">\n\t\t\t\t\t<h3 class=\"elementor-heading-title elementor-size-default\">Perfil del abogado<\/h3>\t\t\t\t<\/div>\n\t\t\t\t<\/div>\n\t\t\t\t<div class=\"elementor-element elementor-element-36b117d elementor-widget elementor-widget-image\" data-id=\"36b117d\" data-element_type=\"widget\" data-e-type=\"widget\" data-widget_type=\"image.default\">\n\t\t\t\t<div class=\"elementor-widget-container\">\n\t\t\t\t\t\t\t\t\t\t\t\t\t\t\t<img decoding=\"async\" src=\"https:\/\/gilbertandsmallman.com\/wp-content\/uploads\/2019\/02\/SEPARADOR.png\" title=\"\" alt=\"\" loading=\"lazy\" \/>\t\t\t\t\t\t\t\t\t\t\t\t\t\t\t<\/div>\n\t\t\t\t<\/div>\n\t\t\t\t\t<\/div>\n\t\t<\/div>\n\t\t\t\t\t<\/div>\n\t\t<\/section>\n\t\t\t\t<section class=\"elementor-section elementor-top-section elementor-element elementor-element-6ed6037 elementor-section-boxed elementor-section-height-default elementor-section-height-default\" data-id=\"6ed6037\" data-element_type=\"section\" data-e-type=\"section\" data-settings=\"{&quot;background_background&quot;:&quot;classic&quot;}\">\n\t\t\t\t\t\t<div class=\"elementor-container elementor-column-gap-default\">\n\t\t\t\t\t<div class=\"elementor-column elementor-col-50 elementor-top-column elementor-element elementor-element-620c5e5\" data-id=\"620c5e5\" data-element_type=\"column\" data-e-type=\"column\">\n\t\t\t<div class=\"elementor-widget-wrap elementor-element-populated\">\n\t\t\t\t\t\t<div class=\"elementor-element elementor-element-25ae9e5 elementor-widget elementor-widget-image\" data-id=\"25ae9e5\" data-element_type=\"widget\" data-e-type=\"widget\" data-widget_type=\"image.default\">\n\t\t\t\t<div class=\"elementor-widget-container\">\n\t\t\t\t\t\t\t\t\t\t\t\t\t\t\t<img fetchpriority=\"high\" decoding=\"async\" width=\"659\" height=\"609\" src=\"https:\/\/gilbertandsmallman.com\/wp-content\/uploads\/2024\/05\/Aaron-Fried-2.png\" class=\"attachment-large size-large wp-image-8945\" alt=\"Aaron Fried\" srcset=\"https:\/\/gilbertandsmallman.com\/wp-content\/uploads\/2024\/05\/Aaron-Fried-2.png 659w, https:\/\/gilbertandsmallman.com\/wp-content\/uploads\/2024\/05\/Aaron-Fried-2-300x277.png 300w\" sizes=\"(max-width: 659px) 100vw, 659px\" \/>\t\t\t\t\t\t\t\t\t\t\t\t\t\t\t<\/div>\n\t\t\t\t<\/div>\n\t\t\t\t\t<\/div>\n\t\t<\/div>\n\t\t\t\t<div class=\"elementor-column elementor-col-50 elementor-top-column elementor-element elementor-element-79b5187\" data-id=\"79b5187\" data-element_type=\"column\" data-e-type=\"column\">\n\t\t\t<div class=\"elementor-widget-wrap elementor-element-populated\">\n\t\t\t\t\t\t<div class=\"elementor-element elementor-element-38427ac elementor-widget elementor-widget-heading\" data-id=\"38427ac\" data-element_type=\"widget\" data-e-type=\"widget\" data-widget_type=\"heading.default\">\n\t\t\t\t<div class=\"elementor-widget-container\">\n\t\t\t\t\t<h3 class=\"elementor-heading-title elementor-size-default\">Aaron Fried<\/h3>\t\t\t\t<\/div>\n\t\t\t\t<\/div>\n\t\t\t\t<div class=\"elementor-element elementor-element-3e7092f elementor-widget elementor-widget-text-editor\" data-id=\"3e7092f\" data-element_type=\"widget\" data-e-type=\"widget\" data-widget_type=\"text-editor.default\">\n\t\t\t\t<div class=\"elementor-widget-container\">\n\t\t\t\t\t\t\t\t\t<p>Aaron Fried es un of council en Gilbert &amp; Smallman especializado en Litigios Civiles, Administraci\u00f3n de Sucesiones y Litigios, Litigios Inmobiliarios y Defensa Penal. Aaron aporta una mezcla \u00fanica de conocimientos y dedicaci\u00f3n para ayudar a los clientes a navegar por asuntos legales complejos. <\/p>\n<p>Originario de Long Island, Nueva York, el viaje de Aaron le llev\u00f3 a Florida, donde prosigui\u00f3 sus esfuerzos acad\u00e9micos en la Universidad de Florida Central. Graduado con honores en 2017 con una licenciatura en Historia y una especializaci\u00f3n en Educaci\u00f3n, Aaron perfeccion\u00f3 sus habilidades de pensamiento cr\u00edtico, sentando una base s\u00f3lida para su futura carrera jur\u00eddica. Posteriormente, obtuvo el t\u00edtulo de Doctor en Derecho por la Facultad de Derecho de la Universidad de Miami en 2022.  <\/p>\n<p>Durante su estancia en la Facultad de Derecho y posteriormente, Aaron demostr\u00f3 su compromiso con el servicio p\u00fablico trabajando como pasante y m\u00e1s tarde como Defensor P\u00fablico Adjunto en la Oficina del Defensor P\u00fablico del Condado de Miami-Dade. En este puesto, represent\u00f3 apasionadamente a clientes indigentes, defendiendo ferozmente sus derechos y luchando por su puesta en libertad. Esta experiencia no s\u00f3lo afin\u00f3 sus habilidades para litigar, sino que tambi\u00e9n le inculc\u00f3 una profunda comprensi\u00f3n de la importancia del compromiso con la comunidad.  <\/p>\n<p>A trav\u00e9s de una comunicaci\u00f3n abierta y un trabajo diligente, Aaron se asegura de que sus clientes encuentren una resoluci\u00f3n significativa a sus retos legales. A Aaron le encantan todas las cosas al aire libre y pasa su tiempo libre probando comidas nuevas y jugando al f\u00fatbol. <\/p>\t\t\t\t\t\t\t\t<\/div>\n\t\t\t\t<\/div>\n\t\t\t\t<div class=\"elementor-element elementor-element-e743f93 elementor-widget elementor-widget-button\" data-id=\"e743f93\" data-element_type=\"widget\" data-e-type=\"widget\" data-widget_type=\"button.default\">\n\t\t\t\t<div class=\"elementor-widget-container\">\n\t\t\t\t\t\t\t\t\t<div class=\"elementor-button-wrapper\">\n\t\t\t\t\t<a class=\"elementor-button elementor-button-link elementor-size-xs\" href=\"mailto:gslaw.associate@gmail.com\">\n\t\t\t\t\t\t<span class=\"elementor-button-content-wrapper\">\n\t\t\t\t\t\t\t\t\t<span class=\"elementor-button-text\">ponte en contacto con Aaron Fried<\/span>\n\t\t\t\t\t<\/span>\n\t\t\t\t\t<\/a>\n\t\t\t\t<\/div>\n\t\t\t\t\t\t\t\t<\/div>\n\t\t\t\t<\/div>\n\t\t\t\t\t<\/div>\n\t\t<\/div>\n\t\t\t\t\t<\/div>\n\t\t<\/section>\n\t\t\t\t<\/div>\n\t\t","protected":false},"excerpt":{"rendered":"<p>Bienvenido a Gilbert &amp; Smallman &#8211; Proporcionando Ayuda Legal Experiencia &#8211; fiabilidad &#8211; \u00e9tica Los bufetes de abogados de Gilbert&hellip;<\/p>\n","protected":false},"author":4,"featured_media":0,"parent":9188,"menu_order":0,"comment_status":"closed","ping_status":"closed","template":"elementor_header_footer","meta":{"two_page_speed":[],"footnotes":""},"class_list":["post-8943","page","type-page","status-publish","hentry"],"yoast_head":"<!-- This site is optimized with the Yoast SEO plugin v27.4 - https:\/\/yoast.com\/product\/yoast-seo-wordpress\/ -->\n<title>Aaron Fried | Gilbert &amp; Smallman PLLC<\/title>\n<meta name=\"description\" content=\"Bienvenido a Gilbert &amp; Smallman - Proporcionando Ayuda Legal Experiencia - fiabilidad - \u00e9tica Los bufetes de abogados de Gilbert &amp; Smallman\" \/>\n<meta name=\"robots\" content=\"index, follow, max-snippet:-1, max-image-preview:large, max-video-preview:-1\" \/>\n<link rel=\"canonical\" href=\"https:\/\/gilbertandsmallman.com\/es\/la-empresa\/aaron-fried\/\" \/>\n<meta property=\"og:locale\" content=\"es_ES\" \/>\n<meta property=\"og:type\" content=\"article\" \/>\n<meta property=\"og:title\" content=\"Aaron Fried | Gilbert &amp; Smallman PLLC\" \/>\n<meta property=\"og:description\" content=\"Bienvenido a Gilbert &amp; Smallman - Proporcionando Ayuda Legal Experiencia - fiabilidad - \u00e9tica Los bufetes de abogados de Gilbert &amp; Smallman\" \/>\n<meta property=\"og:url\" content=\"https:\/\/gilbertandsmallman.com\/es\/la-empresa\/aaron-fried\/\" \/>\n<meta property=\"og:site_name\" content=\"Law Offices of Gilbert and Smallman\" \/>\n<meta property=\"article:publisher\" content=\"https:\/\/www.facebook.com\/Law-Offices-of-Gilbert-Smallman-PLLC-352999740385\/\" \/>\n<meta property=\"article:modified_time\" content=\"2025-11-20T16:15:26+00:00\" \/>\n<meta property=\"og:image\" content=\"https:\/\/gilbertandsmallman.com\/wp-content\/uploads\/2019\/02\/SEPARADOR3.png\" \/>\n<meta name=\"twitter:label1\" content=\"Tiempo de lectura\" \/>\n\t<meta name=\"twitter:data1\" content=\"2 minutos\" \/>\n<script type=\"application\/ld+json\" class=\"yoast-schema-graph\">{\"@context\":\"https:\\\/\\\/schema.org\",\"@graph\":[{\"@type\":\"WebPage\",\"@id\":\"https:\\\/\\\/gilbertandsmallman.com\\\/es\\\/la-empresa\\\/aaron-fried\\\/\",\"url\":\"https:\\\/\\\/gilbertandsmallman.com\\\/es\\\/la-empresa\\\/aaron-fried\\\/\",\"name\":\"Aaron Fried | Gilbert & Smallman PLLC\",\"isPartOf\":{\"@id\":\"https:\\\/\\\/gilbertandsmallman.com\\\/es\\\/#website\"},\"primaryImageOfPage\":{\"@id\":\"https:\\\/\\\/gilbertandsmallman.com\\\/es\\\/la-empresa\\\/aaron-fried\\\/#primaryimage\"},\"image\":{\"@id\":\"https:\\\/\\\/gilbertandsmallman.com\\\/es\\\/la-empresa\\\/aaron-fried\\\/#primaryimage\"},\"thumbnailUrl\":\"https:\\\/\\\/gilbertandsmallman.com\\\/wp-content\\\/uploads\\\/2019\\\/02\\\/SEPARADOR3.png\",\"datePublished\":\"2024-05-12T22:34:07+00:00\",\"dateModified\":\"2025-11-20T16:15:26+00:00\",\"description\":\"Bienvenido a Gilbert &amp; Smallman - Proporcionando Ayuda Legal Experiencia - fiabilidad - \u00e9tica Los bufetes de abogados de Gilbert &amp; Smallman\",\"breadcrumb\":{\"@id\":\"https:\\\/\\\/gilbertandsmallman.com\\\/es\\\/la-empresa\\\/aaron-fried\\\/#breadcrumb\"},\"inLanguage\":\"es\",\"potentialAction\":[{\"@type\":\"ReadAction\",\"target\":[\"https:\\\/\\\/gilbertandsmallman.com\\\/es\\\/la-empresa\\\/aaron-fried\\\/\"]}]},{\"@type\":\"ImageObject\",\"inLanguage\":\"es\",\"@id\":\"https:\\\/\\\/gilbertandsmallman.com\\\/es\\\/la-empresa\\\/aaron-fried\\\/#primaryimage\",\"url\":\"https:\\\/\\\/gilbertandsmallman.com\\\/wp-content\\\/uploads\\\/2019\\\/02\\\/SEPARADOR3.png\",\"contentUrl\":\"https:\\\/\\\/gilbertandsmallman.com\\\/wp-content\\\/uploads\\\/2019\\\/02\\\/SEPARADOR3.png\"},{\"@type\":\"BreadcrumbList\",\"@id\":\"https:\\\/\\\/gilbertandsmallman.com\\\/es\\\/la-empresa\\\/aaron-fried\\\/#breadcrumb\",\"itemListElement\":[{\"@type\":\"ListItem\",\"position\":1,\"name\":\"La empresa\",\"item\":\"https:\\\/\\\/gilbertandsmallman.com\\\/es\\\/?page_id=9188\"},{\"@type\":\"ListItem\",\"position\":2,\"name\":\"Aaron Fried\"}]},{\"@type\":\"WebSite\",\"@id\":\"https:\\\/\\\/gilbertandsmallman.com\\\/es\\\/#website\",\"url\":\"https:\\\/\\\/gilbertandsmallman.com\\\/es\\\/\",\"name\":\"Law Offices of Gilbert and Smallman\",\"description\":\"Experienced Trial Lawyers\",\"publisher\":{\"@id\":\"https:\\\/\\\/gilbertandsmallman.com\\\/es\\\/#organization\"},\"potentialAction\":[{\"@type\":\"SearchAction\",\"target\":{\"@type\":\"EntryPoint\",\"urlTemplate\":\"https:\\\/\\\/gilbertandsmallman.com\\\/es\\\/?s={search_term_string}\"},\"query-input\":{\"@type\":\"PropertyValueSpecification\",\"valueRequired\":true,\"valueName\":\"search_term_string\"}}],\"inLanguage\":\"es\"},{\"@type\":\"Organization\",\"@id\":\"https:\\\/\\\/gilbertandsmallman.com\\\/es\\\/#organization\",\"name\":\"The Law Offices of Gilbert and Smallman\",\"url\":\"https:\\\/\\\/gilbertandsmallman.com\\\/es\\\/\",\"logo\":{\"@type\":\"ImageObject\",\"inLanguage\":\"es\",\"@id\":\"https:\\\/\\\/gilbertandsmallman.com\\\/es\\\/#\\\/schema\\\/logo\\\/image\\\/\",\"url\":\"http:\\\/\\\/gilbertandsmallman.com\\\/wp-content\\\/uploads\\\/2019\\\/03\\\/0-LOGO-GILBERT-SMALLMAN.png\",\"contentUrl\":\"http:\\\/\\\/gilbertandsmallman.com\\\/wp-content\\\/uploads\\\/2019\\\/03\\\/0-LOGO-GILBERT-SMALLMAN.png\",\"width\":1110,\"height\":200,\"caption\":\"The Law Offices of Gilbert and Smallman\"},\"image\":{\"@id\":\"https:\\\/\\\/gilbertandsmallman.com\\\/es\\\/#\\\/schema\\\/logo\\\/image\\\/\"},\"sameAs\":[\"https:\\\/\\\/www.facebook.com\\\/Law-Offices-of-Gilbert-Smallman-PLLC-352999740385\\\/\",\"https:\\\/\\\/www.instagram.com\\\/gilbertandsmallmanpllc\\\/\",\"https:\\\/\\\/www.linkedin.com\\\/in\\\/harriswgilbert\",\"https:\\\/\\\/www.youtube.com\\\/user\\\/GilbertSmallman\"]}]}<\/script>\n<!-- \/ Yoast SEO plugin. -->","yoast_head_json":{"title":"Aaron Fried | Gilbert & Smallman PLLC","description":"Bienvenido a Gilbert &amp; Smallman - Proporcionando Ayuda Legal Experiencia - fiabilidad - \u00e9tica Los bufetes de abogados de Gilbert &amp; Smallman","robots":{"index":"index","follow":"follow","max-snippet":"max-snippet:-1","max-image-preview":"max-image-preview:large","max-video-preview":"max-video-preview:-1"},"canonical":"https:\/\/gilbertandsmallman.com\/es\/la-empresa\/aaron-fried\/","og_locale":"es_ES","og_type":"article","og_title":"Aaron Fried | Gilbert & Smallman PLLC","og_description":"Bienvenido a Gilbert &amp; Smallman - Proporcionando Ayuda Legal Experiencia - fiabilidad - \u00e9tica Los bufetes de abogados de Gilbert &amp; Smallman","og_url":"https:\/\/gilbertandsmallman.com\/es\/la-empresa\/aaron-fried\/","og_site_name":"Law Offices of Gilbert and Smallman","article_publisher":"https:\/\/www.facebook.com\/Law-Offices-of-Gilbert-Smallman-PLLC-352999740385\/","article_modified_time":"2025-11-20T16:15:26+00:00","og_image":[{"url":"https:\/\/gilbertandsmallman.com\/wp-content\/uploads\/2019\/02\/SEPARADOR3.png","type":"","width":"","height":""}],"twitter_misc":{"Tiempo de lectura":"2 minutos"},"schema":{"@context":"https:\/\/schema.org","@graph":[{"@type":"WebPage","@id":"https:\/\/gilbertandsmallman.com\/es\/la-empresa\/aaron-fried\/","url":"https:\/\/gilbertandsmallman.com\/es\/la-empresa\/aaron-fried\/","name":"Aaron Fried | Gilbert & Smallman PLLC","isPartOf":{"@id":"https:\/\/gilbertandsmallman.com\/es\/#website"},"primaryImageOfPage":{"@id":"https:\/\/gilbertandsmallman.com\/es\/la-empresa\/aaron-fried\/#primaryimage"},"image":{"@id":"https:\/\/gilbertandsmallman.com\/es\/la-empresa\/aaron-fried\/#primaryimage"},"thumbnailUrl":"https:\/\/gilbertandsmallman.com\/wp-content\/uploads\/2019\/02\/SEPARADOR3.png","datePublished":"2024-05-12T22:34:07+00:00","dateModified":"2025-11-20T16:15:26+00:00","description":"Bienvenido a Gilbert &amp; Smallman - Proporcionando Ayuda Legal Experiencia - fiabilidad - \u00e9tica Los bufetes de abogados de Gilbert &amp; Smallman","breadcrumb":{"@id":"https:\/\/gilbertandsmallman.com\/es\/la-empresa\/aaron-fried\/#breadcrumb"},"inLanguage":"es","potentialAction":[{"@type":"ReadAction","target":["https:\/\/gilbertandsmallman.com\/es\/la-empresa\/aaron-fried\/"]}]},{"@type":"ImageObject","inLanguage":"es","@id":"https:\/\/gilbertandsmallman.com\/es\/la-empresa\/aaron-fried\/#primaryimage","url":"https:\/\/gilbertandsmallman.com\/wp-content\/uploads\/2019\/02\/SEPARADOR3.png","contentUrl":"https:\/\/gilbertandsmallman.com\/wp-content\/uploads\/2019\/02\/SEPARADOR3.png"},{"@type":"BreadcrumbList","@id":"https:\/\/gilbertandsmallman.com\/es\/la-empresa\/aaron-fried\/#breadcrumb","itemListElement":[{"@type":"ListItem","position":1,"name":"La empresa","item":"https:\/\/gilbertandsmallman.com\/es\/?page_id=9188"},{"@type":"ListItem","position":2,"name":"Aaron Fried"}]},{"@type":"WebSite","@id":"https:\/\/gilbertandsmallman.com\/es\/#website","url":"https:\/\/gilbertandsmallman.com\/es\/","name":"Law Offices of Gilbert and Smallman","description":"Experienced Trial Lawyers","publisher":{"@id":"https:\/\/gilbertandsmallman.com\/es\/#organization"},"potentialAction":[{"@type":"SearchAction","target":{"@type":"EntryPoint","urlTemplate":"https:\/\/gilbertandsmallman.com\/es\/?s={search_term_string}"},"query-input":{"@type":"PropertyValueSpecification","valueRequired":true,"valueName":"search_term_string"}}],"inLanguage":"es"},{"@type":"Organization","@id":"https:\/\/gilbertandsmallman.com\/es\/#organization","name":"The Law Offices of Gilbert and Smallman","url":"https:\/\/gilbertandsmallman.com\/es\/","logo":{"@type":"ImageObject","inLanguage":"es","@id":"https:\/\/gilbertandsmallman.com\/es\/#\/schema\/logo\/image\/","url":"http:\/\/gilbertandsmallman.com\/wp-content\/uploads\/2019\/03\/0-LOGO-GILBERT-SMALLMAN.png","contentUrl":"http:\/\/gilbertandsmallman.com\/wp-content\/uploads\/2019\/03\/0-LOGO-GILBERT-SMALLMAN.png","width":1110,"height":200,"caption":"The Law Offices of Gilbert and Smallman"},"image":{"@id":"https:\/\/gilbertandsmallman.com\/es\/#\/schema\/logo\/image\/"},"sameAs":["https:\/\/www.facebook.com\/Law-Offices-of-Gilbert-Smallman-PLLC-352999740385\/","https:\/\/www.instagram.com\/gilbertandsmallmanpllc\/","https:\/\/www.linkedin.com\/in\/harriswgilbert","https:\/\/www.youtube.com\/user\/GilbertSmallman"]}]}},"_links":{"self":[{"href":"https:\/\/gilbertandsmallman.com\/es\/wp-json\/wp\/v2\/pages\/8943","targetHints":{"allow":["GET"]}}],"collection":[{"href":"https:\/\/gilbertandsmallman.com\/es\/wp-json\/wp\/v2\/pages"}],"about":[{"href":"https:\/\/gilbertandsmallman.com\/es\/wp-json\/wp\/v2\/types\/page"}],"author":[{"embeddable":true,"href":"https:\/\/gilbertandsmallman.com\/es\/wp-json\/wp\/v2\/users\/4"}],"replies":[{"embeddable":true,"href":"https:\/\/gilbertandsmallman.com\/es\/wp-json\/wp\/v2\/comments?post=8943"}],"version-history":[{"count":4,"href":"https:\/\/gilbertandsmallman.com\/es\/wp-json\/wp\/v2\/pages\/8943\/revisions"}],"predecessor-version":[{"id":9206,"href":"https:\/\/gilbertandsmallman.com\/es\/wp-json\/wp\/v2\/pages\/8943\/revisions\/9206"}],"up":[{"embeddable":true,"href":"https:\/\/gilbertandsmallman.com\/es\/wp-json\/wp\/v2\/pages\/9188"}],"wp:attachment":[{"href":"https:\/\/gilbertandsmallman.com\/es\/wp-json\/wp\/v2\/media?parent=8943"}],"curies":[{"name":"wp","href":"https:\/\/api.w.org\/{rel}","templated":true}]}}