{"id":8944,"date":"2019-08-11T19:04:24","date_gmt":"2019-08-11T19:04:24","guid":{"rendered":"https:\/\/gilbertandsmallman.com\/politica-de-privacidad\/"},"modified":"2025-11-18T16:42:17","modified_gmt":"2025-11-18T16:42:17","slug":"politica-de-privacidad","status":"publish","type":"page","link":"https:\/\/gilbertandsmallman.com\/es\/politica-de-privacidad\/","title":{"rendered":"Pol\u00edtica de privacidad"},"content":{"rendered":"\t\t<div data-elementor-type=\"wp-post\" data-elementor-id=\"8944\" class=\"elementor elementor-8944 elementor-4991\" data-elementor-post-type=\"page\">\n\t\t\t\t\t\t<section class=\"elementor-section elementor-top-section elementor-element elementor-element-53c2ce6f elementor-section-stretched elementor-section-boxed elementor-section-height-default elementor-section-height-default\" data-id=\"53c2ce6f\" data-element_type=\"section\" data-e-type=\"section\" data-settings=\"{&quot;stretch_section&quot;:&quot;section-stretched&quot;,&quot;background_background&quot;:&quot;classic&quot;}\">\n\t\t\t\t\t\t<div class=\"elementor-container elementor-column-gap-default\">\n\t\t\t\t\t<div class=\"elementor-column elementor-col-100 elementor-top-column elementor-element elementor-element-6634cabb\" data-id=\"6634cabb\" data-element_type=\"column\" data-e-type=\"column\">\n\t\t\t<div class=\"elementor-widget-wrap elementor-element-populated\">\n\t\t\t\t\t\t<div class=\"elementor-element elementor-element-27b409d7 elementor-widget elementor-widget-heading\" data-id=\"27b409d7\" data-element_type=\"widget\" data-e-type=\"widget\" data-widget_type=\"heading.default\">\n\t\t\t\t<div class=\"elementor-widget-container\">\n\t\t\t\t\t<h1 class=\"elementor-heading-title elementor-size-default\">Pol\u00edtica de privacidad<\/h1>\t\t\t\t<\/div>\n\t\t\t\t<\/div>\n\t\t\t\t<div class=\"elementor-element elementor-element-76174e77 elementor-widget elementor-widget-image\" data-id=\"76174e77\" data-element_type=\"widget\" data-e-type=\"widget\" data-widget_type=\"image.default\">\n\t\t\t\t<div class=\"elementor-widget-container\">\n\t\t\t\t\t\t\t\t\t\t\t\t\t\t\t<img decoding=\"async\" width=\"400\" height=\"11\" src=\"https:\/\/gilbertandsmallman.com\/wp-content\/uploads\/2019\/08\/SEPARADOR.png\" class=\"attachment-large size-large wp-image-8796\" alt=\"\" srcset=\"https:\/\/gilbertandsmallman.com\/wp-content\/uploads\/2019\/08\/SEPARADOR.png 400w, https:\/\/gilbertandsmallman.com\/wp-content\/uploads\/2019\/08\/SEPARADOR-300x8.png 300w\" sizes=\"(max-width: 400px) 100vw, 400px\" \/>\t\t\t\t\t\t\t\t\t\t\t\t\t\t\t<\/div>\n\t\t\t\t<\/div>\n\t\t\t\t\t<\/div>\n\t\t<\/div>\n\t\t\t\t\t<\/div>\n\t\t<\/section>\n\t\t\t\t<section class=\"elementor-section elementor-top-section elementor-element elementor-element-1b7fa815 elementor-section-boxed elementor-section-height-default elementor-section-height-default\" data-id=\"1b7fa815\" data-element_type=\"section\" data-e-type=\"section\" data-settings=\"{&quot;background_background&quot;:&quot;classic&quot;}\">\n\t\t\t\t\t\t<div class=\"elementor-container elementor-column-gap-default\">\n\t\t\t\t\t<div class=\"elementor-column elementor-col-100 elementor-top-column elementor-element elementor-element-60992240\" data-id=\"60992240\" data-element_type=\"column\" data-e-type=\"column\">\n\t\t\t<div class=\"elementor-widget-wrap elementor-element-populated\">\n\t\t\t\t\t\t<div class=\"elementor-element elementor-element-1c197f2a elementor-widget elementor-widget-text-editor\" data-id=\"1c197f2a\" data-element_type=\"widget\" data-e-type=\"widget\" data-widget_type=\"text-editor.default\">\n\t\t\t\t<div class=\"elementor-widget-container\">\n\t\t\t\t\t\t\t\t\t<p>Como cliente potencial de nuestro bufete, tu privacidad es importante para nosotros.<\/br><\/br>\n\nCuando visites nuestro sitio web, nuestro abogado recoger\u00e1 tu informaci\u00f3n de dos formas: 1) cualquier informaci\u00f3n de contacto que elijas proporcionarnos, incluyendo tu nombre, direcci\u00f3n de correo electr\u00f3nico y n\u00famero de tel\u00e9fono y 2) informaci\u00f3n de navegaci\u00f3n web que se recoge mientras lees nuestro sitio web.  <\/br><\/br>\n\nSi decides facilitarnos tus datos de contacto para que respondamos a tus consultas sobre nuestra representaci\u00f3n legal, esta informaci\u00f3n est\u00e1 a salvo con nosotros. Somos los \u00fanicos propietarios de la informaci\u00f3n recogida en este sitio. Nuestro abogado nunca vender\u00e1 ni alquilar\u00e1 tu informaci\u00f3n a terceros ni se pondr\u00e1 en contacto contigo sin tu permiso.  <\/br><\/br>\n\nDel mismo modo, nuestro abogado tampoco vender\u00e1 nunca informaci\u00f3n relativa a tu direcci\u00f3n IP y otros datos similares.<\/br><\/br>\n\nSi en el futuro se introducen cambios en esta Pol\u00edtica de privacidad, nuestro abogado los publicar\u00e1 en esta p\u00e1gina. No obstante, puedes estar seguro de nuestro compromiso de protegerte siempre a ti y a tu informaci\u00f3n personal. Una vez m\u00e1s, nuestro abogado nunca revelar\u00e1 tu informaci\u00f3n privada a terceros.  <\/br><\/br>\n\nSi deseas modificar tu informaci\u00f3n de contacto, env\u00eda cualquier cambio por correo electr\u00f3nico a nuestro abogado lo antes posible. Y si deseas suspender toda comunicaci\u00f3n posterior con nuestro bufete, ponte en contacto con nosotros en cualquier momento. <\/p>\t\t\t\t\t\t\t\t<\/div>\n\t\t\t\t<\/div>\n\t\t\t\t<div class=\"elementor-element elementor-element-40af616a elementor-widget elementor-widget-button\" data-id=\"40af616a\" data-element_type=\"widget\" data-e-type=\"widget\" data-widget_type=\"button.default\">\n\t\t\t\t<div class=\"elementor-widget-container\">\n\t\t\t\t\t\t\t\t\t<div class=\"elementor-button-wrapper\">\n\t\t\t\t\t<a class=\"elementor-button elementor-button-link elementor-size-xs\" href=\"https:\/\/gilbertandsmallman.com\/es\/?page_id=8900\">\n\t\t\t\t\t\t<span class=\"elementor-button-content-wrapper\">\n\t\t\t\t\t\t\t\t\t<span class=\"elementor-button-text\">contacta con nosotros<\/span>\n\t\t\t\t\t<\/span>\n\t\t\t\t\t<\/a>\n\t\t\t\t<\/div>\n\t\t\t\t\t\t\t\t<\/div>\n\t\t\t\t<\/div>\n\t\t\t\t\t<\/div>\n\t\t<\/div>\n\t\t\t\t\t<\/div>\n\t\t<\/section>\n\t\t\t\t<\/div>\n\t\t","protected":false},"excerpt":{"rendered":"<p>Pol\u00edtica de privacidad Como cliente potencial de nuestro bufete, tu privacidad es importante para nosotros. Cuando visites nuestro sitio web,&hellip;<\/p>\n","protected":false},"author":4,"featured_media":0,"parent":0,"menu_order":0,"comment_status":"closed","ping_status":"closed","template":"elementor_header_footer","meta":{"two_page_speed":[],"footnotes":""},"class_list":["post-8944","page","type-page","status-publish","hentry"],"yoast_head":"<!-- This site is optimized with the Yoast SEO plugin v27.5 - https:\/\/yoast.com\/product\/yoast-seo-wordpress\/ -->\n<title>Pol\u00edtica de privacidad | Gilbert &amp; Smallman PLLC<\/title>\n<meta name=\"description\" content=\"Pol\u00edtica de privacidad Como cliente potencial de nuestro bufete, tu privacidad es importante para nosotros. Cuando visites nuestro sitio web, nuestro\" \/>\n<meta name=\"robots\" content=\"noindex, follow\" \/>\n<meta property=\"og:locale\" content=\"es_ES\" \/>\n<meta property=\"og:type\" content=\"article\" \/>\n<meta property=\"og:title\" content=\"Pol\u00edtica de privacidad | Gilbert &amp; Smallman PLLC\" \/>\n<meta property=\"og:description\" content=\"Pol\u00edtica de privacidad Como cliente potencial de nuestro bufete, tu privacidad es importante para nosotros. Cuando visites nuestro sitio web, nuestro\" \/>\n<meta property=\"og:url\" content=\"https:\/\/gilbertandsmallman.com\/es\/politica-de-privacidad\/\" \/>\n<meta property=\"og:site_name\" content=\"Law Offices of Gilbert and Smallman\" \/>\n<meta property=\"article:publisher\" content=\"https:\/\/www.facebook.com\/Law-Offices-of-Gilbert-Smallman-PLLC-352999740385\/\" \/>\n<meta property=\"article:modified_time\" content=\"2025-11-18T16:42:17+00:00\" \/>\n<meta property=\"og:image\" content=\"https:\/\/gilbertandsmallman.com\/wp-content\/uploads\/2019\/08\/SEPARADOR.png\" \/>\n<meta name=\"twitter:label1\" content=\"Tiempo de lectura\" \/>\n\t<meta name=\"twitter:data1\" content=\"1 minuto\" \/>\n<script type=\"application\/ld+json\" class=\"yoast-schema-graph\">{\"@context\":\"https:\\\/\\\/schema.org\",\"@graph\":[{\"@type\":\"WebPage\",\"@id\":\"https:\\\/\\\/gilbertandsmallman.com\\\/es\\\/politica-de-privacidad\\\/\",\"url\":\"https:\\\/\\\/gilbertandsmallman.com\\\/es\\\/politica-de-privacidad\\\/\",\"name\":\"Pol\u00edtica de privacidad | Gilbert & Smallman PLLC\",\"isPartOf\":{\"@id\":\"https:\\\/\\\/gilbertandsmallman.com\\\/es\\\/#website\"},\"primaryImageOfPage\":{\"@id\":\"https:\\\/\\\/gilbertandsmallman.com\\\/es\\\/politica-de-privacidad\\\/#primaryimage\"},\"image\":{\"@id\":\"https:\\\/\\\/gilbertandsmallman.com\\\/es\\\/politica-de-privacidad\\\/#primaryimage\"},\"thumbnailUrl\":\"https:\\\/\\\/gilbertandsmallman.com\\\/wp-content\\\/uploads\\\/2019\\\/08\\\/SEPARADOR.png\",\"datePublished\":\"2019-08-11T19:04:24+00:00\",\"dateModified\":\"2025-11-18T16:42:17+00:00\",\"description\":\"Pol\u00edtica de privacidad Como cliente potencial de nuestro bufete, tu privacidad es importante para nosotros. Cuando visites nuestro sitio web, nuestro\",\"inLanguage\":\"es\",\"potentialAction\":[{\"@type\":\"ReadAction\",\"target\":[\"https:\\\/\\\/gilbertandsmallman.com\\\/es\\\/politica-de-privacidad\\\/\"]}]},{\"@type\":\"ImageObject\",\"inLanguage\":\"es\",\"@id\":\"https:\\\/\\\/gilbertandsmallman.com\\\/es\\\/politica-de-privacidad\\\/#primaryimage\",\"url\":\"https:\\\/\\\/gilbertandsmallman.com\\\/wp-content\\\/uploads\\\/2019\\\/08\\\/SEPARADOR.png\",\"contentUrl\":\"https:\\\/\\\/gilbertandsmallman.com\\\/wp-content\\\/uploads\\\/2019\\\/08\\\/SEPARADOR.png\"},{\"@type\":\"WebSite\",\"@id\":\"https:\\\/\\\/gilbertandsmallman.com\\\/es\\\/#website\",\"url\":\"https:\\\/\\\/gilbertandsmallman.com\\\/es\\\/\",\"name\":\"Law Offices of Gilbert and Smallman\",\"description\":\"Experienced Trial Lawyers\",\"publisher\":{\"@id\":\"https:\\\/\\\/gilbertandsmallman.com\\\/es\\\/#organization\"},\"potentialAction\":[{\"@type\":\"SearchAction\",\"target\":{\"@type\":\"EntryPoint\",\"urlTemplate\":\"https:\\\/\\\/gilbertandsmallman.com\\\/es\\\/?s={search_term_string}\"},\"query-input\":{\"@type\":\"PropertyValueSpecification\",\"valueRequired\":true,\"valueName\":\"search_term_string\"}}],\"inLanguage\":\"es\"},{\"@type\":\"Organization\",\"@id\":\"https:\\\/\\\/gilbertandsmallman.com\\\/es\\\/#organization\",\"name\":\"The Law Offices of Gilbert and Smallman\",\"url\":\"https:\\\/\\\/gilbertandsmallman.com\\\/es\\\/\",\"logo\":{\"@type\":\"ImageObject\",\"inLanguage\":\"es\",\"@id\":\"https:\\\/\\\/gilbertandsmallman.com\\\/es\\\/#\\\/schema\\\/logo\\\/image\\\/\",\"url\":\"http:\\\/\\\/gilbertandsmallman.com\\\/wp-content\\\/uploads\\\/2019\\\/03\\\/0-LOGO-GILBERT-SMALLMAN.png\",\"contentUrl\":\"http:\\\/\\\/gilbertandsmallman.com\\\/wp-content\\\/uploads\\\/2019\\\/03\\\/0-LOGO-GILBERT-SMALLMAN.png\",\"width\":1110,\"height\":200,\"caption\":\"The Law Offices of Gilbert and Smallman\"},\"image\":{\"@id\":\"https:\\\/\\\/gilbertandsmallman.com\\\/es\\\/#\\\/schema\\\/logo\\\/image\\\/\"},\"sameAs\":[\"https:\\\/\\\/www.facebook.com\\\/Law-Offices-of-Gilbert-Smallman-PLLC-352999740385\\\/\",\"https:\\\/\\\/www.instagram.com\\\/gilbertandsmallmanpllc\\\/\",\"https:\\\/\\\/www.linkedin.com\\\/in\\\/harriswgilbert\",\"https:\\\/\\\/www.youtube.com\\\/user\\\/GilbertSmallman\"]}]}<\/script>\n<!-- \/ Yoast SEO plugin. -->","yoast_head_json":{"title":"Pol\u00edtica de privacidad | Gilbert & Smallman PLLC","description":"Pol\u00edtica de privacidad Como cliente potencial de nuestro bufete, tu privacidad es importante para nosotros. Cuando visites nuestro sitio web, nuestro","robots":{"index":"noindex","follow":"follow"},"og_locale":"es_ES","og_type":"article","og_title":"Pol\u00edtica de privacidad | Gilbert & Smallman PLLC","og_description":"Pol\u00edtica de privacidad Como cliente potencial de nuestro bufete, tu privacidad es importante para nosotros. Cuando visites nuestro sitio web, nuestro","og_url":"https:\/\/gilbertandsmallman.com\/es\/politica-de-privacidad\/","og_site_name":"Law Offices of Gilbert and Smallman","article_publisher":"https:\/\/www.facebook.com\/Law-Offices-of-Gilbert-Smallman-PLLC-352999740385\/","article_modified_time":"2025-11-18T16:42:17+00:00","og_image":[{"url":"https:\/\/gilbertandsmallman.com\/wp-content\/uploads\/2019\/08\/SEPARADOR.png","type":"","width":"","height":""}],"twitter_misc":{"Tiempo de lectura":"1 minuto"},"schema":{"@context":"https:\/\/schema.org","@graph":[{"@type":"WebPage","@id":"https:\/\/gilbertandsmallman.com\/es\/politica-de-privacidad\/","url":"https:\/\/gilbertandsmallman.com\/es\/politica-de-privacidad\/","name":"Pol\u00edtica de privacidad | Gilbert & Smallman PLLC","isPartOf":{"@id":"https:\/\/gilbertandsmallman.com\/es\/#website"},"primaryImageOfPage":{"@id":"https:\/\/gilbertandsmallman.com\/es\/politica-de-privacidad\/#primaryimage"},"image":{"@id":"https:\/\/gilbertandsmallman.com\/es\/politica-de-privacidad\/#primaryimage"},"thumbnailUrl":"https:\/\/gilbertandsmallman.com\/wp-content\/uploads\/2019\/08\/SEPARADOR.png","datePublished":"2019-08-11T19:04:24+00:00","dateModified":"2025-11-18T16:42:17+00:00","description":"Pol\u00edtica de privacidad Como cliente potencial de nuestro bufete, tu privacidad es importante para nosotros. Cuando visites nuestro sitio web, nuestro","inLanguage":"es","potentialAction":[{"@type":"ReadAction","target":["https:\/\/gilbertandsmallman.com\/es\/politica-de-privacidad\/"]}]},{"@type":"ImageObject","inLanguage":"es","@id":"https:\/\/gilbertandsmallman.com\/es\/politica-de-privacidad\/#primaryimage","url":"https:\/\/gilbertandsmallman.com\/wp-content\/uploads\/2019\/08\/SEPARADOR.png","contentUrl":"https:\/\/gilbertandsmallman.com\/wp-content\/uploads\/2019\/08\/SEPARADOR.png"},{"@type":"WebSite","@id":"https:\/\/gilbertandsmallman.com\/es\/#website","url":"https:\/\/gilbertandsmallman.com\/es\/","name":"Law Offices of Gilbert and Smallman","description":"Experienced Trial Lawyers","publisher":{"@id":"https:\/\/gilbertandsmallman.com\/es\/#organization"},"potentialAction":[{"@type":"SearchAction","target":{"@type":"EntryPoint","urlTemplate":"https:\/\/gilbertandsmallman.com\/es\/?s={search_term_string}"},"query-input":{"@type":"PropertyValueSpecification","valueRequired":true,"valueName":"search_term_string"}}],"inLanguage":"es"},{"@type":"Organization","@id":"https:\/\/gilbertandsmallman.com\/es\/#organization","name":"The Law Offices of Gilbert and Smallman","url":"https:\/\/gilbertandsmallman.com\/es\/","logo":{"@type":"ImageObject","inLanguage":"es","@id":"https:\/\/gilbertandsmallman.com\/es\/#\/schema\/logo\/image\/","url":"http:\/\/gilbertandsmallman.com\/wp-content\/uploads\/2019\/03\/0-LOGO-GILBERT-SMALLMAN.png","contentUrl":"http:\/\/gilbertandsmallman.com\/wp-content\/uploads\/2019\/03\/0-LOGO-GILBERT-SMALLMAN.png","width":1110,"height":200,"caption":"The Law Offices of Gilbert and Smallman"},"image":{"@id":"https:\/\/gilbertandsmallman.com\/es\/#\/schema\/logo\/image\/"},"sameAs":["https:\/\/www.facebook.com\/Law-Offices-of-Gilbert-Smallman-PLLC-352999740385\/","https:\/\/www.instagram.com\/gilbertandsmallmanpllc\/","https:\/\/www.linkedin.com\/in\/harriswgilbert","https:\/\/www.youtube.com\/user\/GilbertSmallman"]}]}},"_links":{"self":[{"href":"https:\/\/gilbertandsmallman.com\/es\/wp-json\/wp\/v2\/pages\/8944","targetHints":{"allow":["GET"]}}],"collection":[{"href":"https:\/\/gilbertandsmallman.com\/es\/wp-json\/wp\/v2\/pages"}],"about":[{"href":"https:\/\/gilbertandsmallman.com\/es\/wp-json\/wp\/v2\/types\/page"}],"author":[{"embeddable":true,"href":"https:\/\/gilbertandsmallman.com\/es\/wp-json\/wp\/v2\/users\/4"}],"replies":[{"embeddable":true,"href":"https:\/\/gilbertandsmallman.com\/es\/wp-json\/wp\/v2\/comments?post=8944"}],"version-history":[{"count":2,"href":"https:\/\/gilbertandsmallman.com\/es\/wp-json\/wp\/v2\/pages\/8944\/revisions"}],"predecessor-version":[{"id":8949,"href":"https:\/\/gilbertandsmallman.com\/es\/wp-json\/wp\/v2\/pages\/8944\/revisions\/8949"}],"wp:attachment":[{"href":"https:\/\/gilbertandsmallman.com\/es\/wp-json\/wp\/v2\/media?parent=8944"}],"curies":[{"name":"wp","href":"https:\/\/api.w.org\/{rel}","templated":true}]}}